{"id":2549,"date":"2019-05-26T16:38:31","date_gmt":"2019-05-26T14:38:31","guid":{"rendered":"https:\/\/www.szenk.de\/sm__\/?page_id=2549"},"modified":"2020-12-02T20:55:36","modified_gmt":"2020-12-02T19:55:36","slug":"quad-01","status":"publish","type":"page","link":"https:\/\/www.szenk.de\/sm__\/werk\/archiv\/raum-2006\/quad-01\/","title":{"rendered":"quad-01 2006"},"content":{"rendered":"\n<link rel='stylesheet' id='ms_style_1'  href='https:\/\/www.szenk.de\/sm__\/wp-content\/plugins\/ms_plugIn_ext_DB_syn\/__ms_plugIn_ext_DB_syn_front_END\/res\/css\/wp_plugIn_ext_DB_syn__css.css' type='text\/css' media='all' \/>\n\n\n\n\n\n<div class=\"txt_seiten_titel_info\">multi video sound channel<br>real time rendering &#8211; IT system project\n<div class=\"txt_seiten_titel_info_italic\"> <\/div>\n<div class=\"txt_seiten_titel_info_after\">[ room situation ]<\/div>\n<\/div>\n\n\n\n<div class=\"ms_video_wrap\">\n<div style=\"width: 525px;\" class=\"wp-video\"><!--[if lt IE 9]><script>document.createElement('video');<\/script><![endif]-->\n<video class=\"wp-video-shortcode\" id=\"video-2549-1\" width=\"525\" height=\"295\" poster=\"https:\/\/www.szenk.de\/sm__\/wp-content\/uploads\/2018\/04\/marek_szenk_quad_001.jpg\" preload=\"metadata\" controls=\"controls\"><source type=\"video\/mp4\" src=\"https:\/\/www.szenk.de\/sm__\/wp-content\/uploads\/2018\/04\/marek_szenk_quad_001.m4v?_=1\" \/><a href=\"https:\/\/www.szenk.de\/sm__\/wp-content\/uploads\/2018\/04\/marek_szenk_quad_001.m4v\">https:\/\/www.szenk.de\/sm__\/wp-content\/uploads\/2018\/04\/marek_szenk_quad_001.m4v<\/a><\/video><\/div>\n<\/div>\n\n\n\n<div class=\"item-description-text\">\n<div class=\"fl_txt\">\n<div class=\"txt_fl_title\"> <\/div>\n<div class=\"txt_fl_small\"> <\/div>\n<div class=\"ms_H____abs_05____\"> <\/div>\n<div class=\"txt_fl_italic\">[ Videoaufnahmen aus dem Bereich Endokrinologie ( Gebiet der Dr\u00fcsenforschung &#8211; innerer Sekretion ) ]<\/div>\n<div class=\"ms_H____abs_05____\"> <\/div>\nGrundprinzip des Grafikgenerator-Systems ist eine endlose, auf Echtzeit-Rendering basierende,<br> \npermanente Neuzusammensetzung und Transformation diverser vorgefertigter Inhalte.<br> \nEs pr\u00e4sentiert dem Betrachter den sich st\u00e4ndig transformierenden Inhalt &#8211; der oft inhaltsfremde Assoziationen hervorruft. \n<div class=\"ms_H____abs_02____\"> <\/div>\nMit der Einbindung mehrerer Zufallskomponenten in die Programmierung des Systems ist ein Umstand geschaffen, \nin dem g\u00e4nzliche Wiederholung der Darstellung w\u00e4hrend seiner unbegrenzten Betriebsdauer nahezu ausgeschlossen bleibt. \n<div class=\"ms_H____abs_02____\"> <\/div>\n<p>Die Arbeit ist als eine Rauminstallation zu betrachten. F\u00fcr eine endg\u00fcltige Ausstellungssituation sind vier Projektionen in einem separaten Raum vorgesehen.<br>Der Betrachter wird von den Projektionsebenen und den dazugeh\u00f6rigen Sounds umschlossen.<\/p>\n<div class=\"ms_H____120____px\"> <\/div>\n<div class=\"txt_small_italic_left\">\n<p>Bitte beachten:<br>Die Video-Mitschnitte der Projekte dokumentieren m\u00f6gliche Pr\u00e4sentation-Konstellationen und nicht die Ausf\u00fchrung der Echtzeit-Rendering Programme.<\/p>\n<\/div>\n<div class=\"ms_H____160____px\"> <\/div>\n<div class=\"txt_fl_small\">idee, realisation, programmierung &#8211; marek szenk<\/div>\n<\/div>\n<\/div>\n","protected":false},"excerpt":{"rendered":"<p>multi video sound channelreal time rendering &#8211; IT system project [ room situation ] [ Videoaufnahmen aus dem Bereich Endokrinologie ( Gebiet der Dr\u00fcsenforschung &#8211; innerer Sekretion ) ] Grundprinzip des Grafikgenerator-Systems ist eine endlose, auf Echtzeit-Rendering basierende, permanente Neuzusammensetzung und Transformation diverser vorgefertigter Inhalte. Es pr\u00e4sentiert dem Betrachter den sich st\u00e4ndig transformierenden Inhalt &#8211; &hellip; <\/p>\n<p class=\"link-more\"><a href=\"https:\/\/www.szenk.de\/sm__\/werk\/archiv\/raum-2006\/quad-01\/\" class=\"more-link\"><span class=\"screen-reader-text\">\u201equad-01 2006\u201c<\/span> weiterlesen<\/a><\/p>\n","protected":false},"author":1,"featured_media":0,"parent":2544,"menu_order":0,"comment_status":"closed","ping_status":"closed","template":"","meta":{"footnotes":""},"class_list":["post-2549","page","type-page","status-publish","hentry"],"_links":{"self":[{"href":"https:\/\/www.szenk.de\/sm__\/wp-json\/wp\/v2\/pages\/2549","targetHints":{"allow":["GET"]}}],"collection":[{"href":"https:\/\/www.szenk.de\/sm__\/wp-json\/wp\/v2\/pages"}],"about":[{"href":"https:\/\/www.szenk.de\/sm__\/wp-json\/wp\/v2\/types\/page"}],"author":[{"embeddable":true,"href":"https:\/\/www.szenk.de\/sm__\/wp-json\/wp\/v2\/users\/1"}],"replies":[{"embeddable":true,"href":"https:\/\/www.szenk.de\/sm__\/wp-json\/wp\/v2\/comments?post=2549"}],"version-history":[{"count":3,"href":"https:\/\/www.szenk.de\/sm__\/wp-json\/wp\/v2\/pages\/2549\/revisions"}],"predecessor-version":[{"id":3067,"href":"https:\/\/www.szenk.de\/sm__\/wp-json\/wp\/v2\/pages\/2549\/revisions\/3067"}],"up":[{"embeddable":true,"href":"https:\/\/www.szenk.de\/sm__\/wp-json\/wp\/v2\/pages\/2544"}],"wp:attachment":[{"href":"https:\/\/www.szenk.de\/sm__\/wp-json\/wp\/v2\/media?parent=2549"}],"curies":[{"name":"wp","href":"https:\/\/api.w.org\/{rel}","templated":true}]}}