



{"id":311,"date":"2018-03-24T13:44:49","date_gmt":"2018-03-24T12:44:49","guid":{"rendered":"https:\/\/www.szenk.de\/sm__\/?page_id=311"},"modified":"2019-05-16T01:17:22","modified_gmt":"2019-05-15T23:17:22","slug":"oel-1993","status":"publish","type":"page","link":"https:\/\/www.szenk.de\/sm__\/werk\/archiv\/oel-1993\/","title":{"rendered":"\u00f6l acryl 1993"},"content":{"rendered":"\n<link rel='stylesheet' id='ms_style_1'  href='https:\/\/www.szenk.de\/sm__\/wp-content\/plugins\/ms_plugIn_ext_DB_syn\/__ms_plugIn_ext_DB_syn_front_END\/res\/css\/wp_plugIn_ext_DB_syn__css.css' type='text\/css' media='all' \/>\n<link rel='stylesheet' id='ms_style_2' href='https:\/\/www.szenk.de\/sm__\/wp-content\/plugins\/ms_plugIn_ext_DB_syn\/___FILES_FACE__\/css\/overwrite\/wp_overwrite__mod_01.css' type='text\/css' media='all' \/>\n<div class=\"txt_seiten_titel_info\">\n<div class=\"txt_seiten_titel_info_italic\">[ auswahl ]<\/div>\n<div class=\"txt_seiten_titel_info_after\"><\/div>\n<\/div>\n\n\n<div class=\"ms_H____abs_01____\">&nbsp;<\/div>\n\n\n\n\n\n\n\n<div class=\"TEXT__ms___WP_CONTENT_for_search_only\">\n\n<\/div>\n\n\n\n\n<!-- _____________________________------------------[ INIT ]--------------------_____________________________ -->\n<!-- =============================== [  ms_plugIn_ext_DB_syn \u00a9 marek szenk  ] =============================== -->\n<!-- =============================== [  ----------------------------------  ] =============================== -->\n\n\n<script type='text\/javascript' language='Javascript' src='https:\/\/www.szenk.de\/sm__\/wp-content\/plugins\/ms_plugIn_ext_DB_syn\/__ms_plugIn_ext_DB_syn_front_END\/res\/j\/ms__.js'><\/script>\n\n<div class ='output____wrap'> <!-- <output____wrap> --> \n\n<div class ='plugIn-addition-content' ><!-- <plugIn-addition-content> -->\n<\/div><!-- <plugIn-addition-content> -->\n<div class ='anker-to-text' >\n<div id ='image-info-arrow' class ='image-info-arrow-open-3'>\n\n\n\t<svg class ='icon icon-folder-open' aria-hidden='true' role='img'> <use href='#icon-angle-down' xlink:href='#icon-angle-down'><\/use> <\/svg><span class='screen-reader-text'>open<\/span>\n\n\t<\/div>  <!-- <image-info-arrow-open> -->\n\n\t<div class ='anker-to-text-innen' >\n\tmethode :\n\n\t<\/div><!-- <anker-to-text-innen> -->\n\n\n\t<\/div><!-- <anker-to-text> -->\n\n\n\t<div class ='anker_top' id = 'anker2' > <\/div><!-- <anker_top> -->\n\n\n\t<div class = 'post-anker-to-text'  > <\/div><!-- <post-anker-to-text> -->\n\n\n\n\n\n\t<script>\t\n\tms__.ms_set_attribut_001 ( '.image-info', 'display', 'none');\n\tms__.ms_set_attribut_001 ( '.image-info-closable-text', 'display', 'none');\t\t\t\n\t<\/script>\n\n\n\t<!--   ------------------------  [ out_img_item 1 ] ----------- [ db_item 1 ] --> \n \n \n\t<!-- <IMAGE> --> \n\n\t<div class ='image_wrap'> <!-- <image_wrap> --> \n\n\t<img class ='img_rahmen' src=\"https:\/\/www.szenk.de\/sm__\/wp-content\/plugins\/ms_plugIn_ext_DB_syn\/___FILES_MAT__\/IMAGES___MAT\/werk\/graphik\/manuell\/ol_acryl\/ol_acryl_1993\/marek_szenk_ol_baumwolle_1993_160x175_002.jpg\" alt=\"eine arbeit von marek szenk mit der bezeichnung -> 01. [ ohne titel ]\" title=\"01. [ ohne titel ]\" \/> \n\t\n    <!-- <img> --> \n\n\t<\/div> <!-- <image_wrap> --> \n\n\t<!-- <\/IMAGE> --> \n\n<div class ='image-title'> \n01. [ ohne titel ]\n<div id ='image-info-arrow' class ='image-info-arrow-open'>\n\n\n\t\t<svg class ='icon icon-folder-open' aria-hidden='true' role='img'> <use href='#icon-angle-down' xlink:href='#icon-angle-down'><\/use> <\/svg><span class='screen-reader-text'>open<\/span>\n\n\t\t<\/div>  <!-- <image-info-arrow-open> -->\n<\/div>  <!-- <image-title> --> \n<div class ='image-info' > \n\n<div class ='pre_line'> <\/div> <!-- <pre_line> -->\n<div class ='clearfix_1'> \n<div class ='left_1'> \ncreated :<\/div> <!-- <left_1> --> \n<div class ='left_2'> \n1993<\/div> <!-- <left_2> --> \n<\/div> <!-- <clearfix_1> --> \n<div class ='after_line'> <\/div> <!-- <after_line> -->\n\n<div class ='pre_line'> <\/div> <!-- <pre_line> -->\n<div class ='clearfix_1'> \n<div class ='left_1_'> \nart :<\/div> <!-- <left_1> --> \n<div class ='left_2_'> \n\u00f6l auf baumwolle<\/div> <!-- <left_2> --> \n<\/div> <!-- <clearfix_1> --> \n<div class ='after_line'> <\/div> <!-- <after_line> -->\n\n<div class ='pre_line'> <\/div> <!-- <pre_line> -->\n<div class ='clearfix_1'> \n<div class ='left_1'> \ndimension  :<\/div> <!-- <left_1> --> \n<div class ='left_2'> \n165 x 175 cm<\/div> <!-- <left_2> --> \n<\/div> <!-- <clearfix_1> --> \n<div class ='after_line'> <\/div> <!-- <after_line> -->\n<div class ='image-info-end'> <\/div>\n\t\n\t <\/div><!-- <image-info> -->\n<div class ='image-info-end-ABSTAND'> \n\t\n\t <\/div><!-- <image-info-end-ABSTAND> -->\n\n\n\n\t<script>\t\n\tms__.ms_set_attribut_001 ( '.image-info', 'display', 'none');\n\tms__.ms_set_attribut_001 ( '.image-info-closable-text', 'display', 'none');\t\t\t\n\t<\/script>\n\n\n\t<!--   ------------------------  [ out_img_item 2 ] ----------- [ db_item 2 ] --> \n \n \n\t<!-- <IMAGE> --> \n\n\t<div class ='image_wrap'> <!-- <image_wrap> --> \n\n\t<img class ='img_rahmen' src=\"https:\/\/www.szenk.de\/sm__\/wp-content\/plugins\/ms_plugIn_ext_DB_syn\/___FILES_MAT__\/IMAGES___MAT\/werk\/graphik\/manuell\/ol_acryl\/ol_acryl_1993\/marek_szenk_ol_baumwolle_1993_160x175_001.jpg\" alt=\"eine arbeit von marek szenk mit der bezeichnung -> 02. [ ohne titel ]\" title=\"02. [ ohne titel ]\" \/> \n\t\n    <!-- <img> --> \n\n\t<\/div> <!-- <image_wrap> --> \n\n\t<!-- <\/IMAGE> --> \n\n<div class ='image-title'> \n02. [ ohne titel ]\n<div id ='image-info-arrow' class ='image-info-arrow-open'>\n\n\n\t\t<svg class ='icon icon-folder-open' aria-hidden='true' role='img'> <use href='#icon-angle-down' xlink:href='#icon-angle-down'><\/use> <\/svg><span class='screen-reader-text'>open<\/span>\n\n\t\t<\/div>  <!-- <image-info-arrow-open> -->\n<\/div>  <!-- <image-title> --> \n<div class ='image-info' > \n\n<div class ='pre_line'> <\/div> <!-- <pre_line> -->\n<div class ='clearfix_1'> \n<div class ='left_1'> \ncreated :<\/div> <!-- <left_1> --> \n<div class ='left_2'> \n1993<\/div> <!-- <left_2> --> \n<\/div> <!-- <clearfix_1> --> \n<div class ='after_line'> <\/div> <!-- <after_line> -->\n\n<div class ='pre_line'> <\/div> <!-- <pre_line> -->\n<div class ='clearfix_1'> \n<div class ='left_1_'> \nart :<\/div> <!-- <left_1> --> \n<div class ='left_2_'> \n\u00f6l auf baumwolle<\/div> <!-- <left_2> --> \n<\/div> <!-- <clearfix_1> --> \n<div class ='after_line'> <\/div> <!-- <after_line> -->\n\n<div class ='pre_line'> <\/div> <!-- <pre_line> -->\n<div class ='clearfix_1'> \n<div class ='left_1'> \ndimension  :<\/div> <!-- <left_1> --> \n<div class ='left_2'> \n160 x 175 cm <\/div> <!-- <left_2> --> \n<\/div> <!-- <clearfix_1> --> \n<div class ='after_line'> <\/div> <!-- <after_line> -->\n<div class ='image-info-end'> <\/div>\n\t\n\t <\/div><!-- <image-info> -->\n<div class ='image-info-end-ABSTAND'> \n\t\n\t <\/div><!-- <image-info-end-ABSTAND> -->\n\n\n\n\t<script>\t\n\tms__.ms_set_attribut_001 ( '.image-info', 'display', 'none');\n\tms__.ms_set_attribut_001 ( '.image-info-closable-text', 'display', 'none');\t\t\t\n\t<\/script>\n\n\n\t<!--   ------------------------  [ out_img_item 3 ] ----------- [ db_item 3 ] --> \n \n \n\t<!-- <IMAGE> --> \n\n\t<div class ='image_wrap'> <!-- <image_wrap> --> \n\n\t<img class ='img_rahmen' src=\"https:\/\/www.szenk.de\/sm__\/wp-content\/plugins\/ms_plugIn_ext_DB_syn\/___FILES_MAT__\/IMAGES___MAT\/werk\/graphik\/manuell\/ol_acryl\/ol_acryl_1993\/marek_szenk_ol_baumwolle_1993_160x175_003.jpg\" alt=\"eine arbeit von marek szenk mit der bezeichnung -> 03. [ ohne titel ]\" title=\"03. [ ohne titel ]\" \/> \n\t\n    <!-- <img> --> \n\n\t<\/div> <!-- <image_wrap> --> \n\n\t<!-- <\/IMAGE> --> \n\n<div class ='image-title'> \n03. [ ohne titel ]\n<div id ='image-info-arrow' class ='image-info-arrow-open'>\n\n\n\t\t<svg class ='icon icon-folder-open' aria-hidden='true' role='img'> <use href='#icon-angle-down' xlink:href='#icon-angle-down'><\/use> <\/svg><span class='screen-reader-text'>open<\/span>\n\n\t\t<\/div>  <!-- <image-info-arrow-open> -->\n<\/div>  <!-- <image-title> --> \n<div class ='image-info' > \n\n<div class ='pre_line'> <\/div> <!-- <pre_line> -->\n<div class ='clearfix_1'> \n<div class ='left_1'> \ncreated :<\/div> <!-- <left_1> --> \n<div class ='left_2'> \n1993<\/div> <!-- <left_2> --> \n<\/div> <!-- <clearfix_1> --> \n<div class ='after_line'> <\/div> <!-- <after_line> -->\n\n<div class ='pre_line'> <\/div> <!-- <pre_line> -->\n<div class ='clearfix_1'> \n<div class ='left_1_'> \nart :<\/div> <!-- <left_1> --> \n<div class ='left_2_'> \n\u00f6l auf baumwolle<\/div> <!-- <left_2> --> \n<\/div> <!-- <clearfix_1> --> \n<div class ='after_line'> <\/div> <!-- <after_line> -->\n\n<div class ='pre_line'> <\/div> <!-- <pre_line> -->\n<div class ='clearfix_1'> \n<div class ='left_1'> \ndimension  :<\/div> <!-- <left_1> --> \n<div class ='left_2'> \n160 x 175 cm<\/div> <!-- <left_2> --> \n<\/div> <!-- <clearfix_1> --> \n<div class ='after_line'> <\/div> <!-- <after_line> -->\n<div class ='image-info-end'> <\/div>\n\t\n\t <\/div><!-- <image-info> -->\n<div class ='image-info-end-ABSTAND'> \n\t\n\t <\/div><!-- <image-info-end-ABSTAND> -->\n\n\n\n\t<script>\t\n\tms__.ms_set_attribut_001 ( '.image-info', 'display', 'none');\n\tms__.ms_set_attribut_001 ( '.image-info-closable-text', 'display', 'none');\t\t\t\n\t<\/script>\n\n\n\t<!--   ------------------------  [ out_img_item 4 ] ----------- [ db_item 4 ] --> \n \n \n\t<!-- <IMAGE> --> \n\n\t<div class ='image_wrap'> <!-- <image_wrap> --> \n\n\t<img class ='img_rahmen' src=\"https:\/\/www.szenk.de\/sm__\/wp-content\/plugins\/ms_plugIn_ext_DB_syn\/___FILES_MAT__\/IMAGES___MAT\/werk\/graphik\/manuell\/ol_acryl\/ol_acryl_1993\/marek_szenk_acryl_baumwolle_1993_120x160_001.jpg\" alt=\"eine arbeit von marek szenk mit der bezeichnung -> 04. [ ohne titel ]\" title=\"04. [ ohne titel ]\" \/> \n\t\n    <!-- <img> --> \n\n\t<\/div> <!-- <image_wrap> --> \n\n\t<!-- <\/IMAGE> --> \n\n<div class ='image-title'> \n04. [ ohne titel ]\n<div id ='image-info-arrow' class ='image-info-arrow-open'>\n\n\n\t\t<svg class ='icon icon-folder-open' aria-hidden='true' role='img'> <use href='#icon-angle-down' xlink:href='#icon-angle-down'><\/use> <\/svg><span class='screen-reader-text'>open<\/span>\n\n\t\t<\/div>  <!-- <image-info-arrow-open> -->\n<\/div>  <!-- <image-title> --> \n<div class ='image-info' > \n\n<div class ='pre_line'> <\/div> <!-- <pre_line> -->\n<div class ='clearfix_1'> \n<div class ='left_1'> \ncreated :<\/div> <!-- <left_1> --> \n<div class ='left_2'> \n1993<\/div> <!-- <left_2> --> \n<\/div> <!-- <clearfix_1> --> \n<div class ='after_line'> <\/div> <!-- <after_line> -->\n\n<div class ='pre_line'> <\/div> <!-- <pre_line> -->\n<div class ='clearfix_1'> \n<div class ='left_1_'> \nart :<\/div> <!-- <left_1> --> \n<div class ='left_2_'> \nacryl auf baumwolle<\/div> <!-- <left_2> --> \n<\/div> <!-- <clearfix_1> --> \n<div class ='after_line'> <\/div> <!-- <after_line> -->\n\n<div class ='pre_line'> <\/div> <!-- <pre_line> -->\n<div class ='clearfix_1'> \n<div class ='left_1'> \ndimension  :<\/div> <!-- <left_1> --> \n<div class ='left_2'> \n120 x 160 cm<\/div> <!-- <left_2> --> \n<\/div> <!-- <clearfix_1> --> \n<div class ='after_line'> <\/div> <!-- <after_line> -->\n<div class ='image-info-end'> <\/div>\n\t\n\t <\/div><!-- <image-info> -->\n<div class ='image-info-end-ABSTAND'> \n\t\n\t <\/div><!-- <image-info-end-ABSTAND> -->\n\n\n\n\t<script>\t\n\tms__.ms_set_attribut_001 ( '.image-info', 'display', 'none');\n\tms__.ms_set_attribut_001 ( '.image-info-closable-text', 'display', 'none');\t\t\t\n\t<\/script>\n\n\n\t<!--   ------------------------  [ out_img_item 5 ] ----------- [ db_item 5 ] --> \n \n \n\t<!-- <IMAGE> --> \n\n\t<div class ='image_wrap'> <!-- <image_wrap> --> \n\n\t<img class ='img_rahmen' src=\"https:\/\/www.szenk.de\/sm__\/wp-content\/plugins\/ms_plugIn_ext_DB_syn\/___FILES_MAT__\/IMAGES___MAT\/werk\/graphik\/manuell\/ol_acryl\/ol_acryl_1993\/marek_szenk_acryl_baumwolle_1993_120x160_002.jpg\" alt=\"eine arbeit von marek szenk mit der bezeichnung -> 05. [ ohne titel ]\" title=\"05. [ ohne titel ]\" \/> \n\t\n    <!-- <img> --> \n\n\t<\/div> <!-- <image_wrap> --> \n\n\t<!-- <\/IMAGE> --> \n\n<div class ='image-title'> \n05. [ ohne titel ]\n<div id ='image-info-arrow' class ='image-info-arrow-open'>\n\n\n\t\t<svg class ='icon icon-folder-open' aria-hidden='true' role='img'> <use href='#icon-angle-down' xlink:href='#icon-angle-down'><\/use> <\/svg><span class='screen-reader-text'>open<\/span>\n\n\t\t<\/div>  <!-- <image-info-arrow-open> -->\n<\/div>  <!-- <image-title> --> \n<div class ='image-info' > \n\n<div class ='pre_line'> <\/div> <!-- <pre_line> -->\n<div class ='clearfix_1'> \n<div class ='left_1'> \ncreated :<\/div> <!-- <left_1> --> \n<div class ='left_2'> \n1993<\/div> <!-- <left_2> --> \n<\/div> <!-- <clearfix_1> --> \n<div class ='after_line'> <\/div> <!-- <after_line> -->\n\n<div class ='pre_line'> <\/div> <!-- <pre_line> -->\n<div class ='clearfix_1'> \n<div class ='left_1_'> \nart :<\/div> <!-- <left_1> --> \n<div class ='left_2_'> \nacryl auf baumwolle<\/div> <!-- <left_2> --> \n<\/div> <!-- <clearfix_1> --> \n<div class ='after_line'> <\/div> <!-- <after_line> -->\n\n<div class ='pre_line'> <\/div> <!-- <pre_line> -->\n<div class ='clearfix_1'> \n<div class ='left_1'> \ndimension  :<\/div> <!-- <left_1> --> \n<div class ='left_2'> \n120 x 160 cm<\/div> <!-- <left_2> --> \n<\/div> <!-- <clearfix_1> --> \n<div class ='after_line'> <\/div> <!-- <after_line> -->\n<div class ='image-info-end'> <\/div>\n\t\n\t <\/div><!-- <image-info> -->\n<div class ='image-info-end-ABSTAND'> \n\t\n\t <\/div><!-- <image-info-end-ABSTAND> -->\n\n\n\n\t<script>\t\n\tms__.ms_set_attribut_001 ( '.image-info', 'display', 'none');\n\tms__.ms_set_attribut_001 ( '.image-info-closable-text', 'display', 'none');\t\t\t\n\t<\/script>\n\n\n\t<!--   ------------------------  [ out_img_item 6 ] ----------- [ db_item 6 ] --> \n \n \n\t<!-- <IMAGE> --> \n\n\t<div class ='image_wrap'> <!-- <image_wrap> --> \n\n\t<img class ='img_rahmen' src=\"https:\/\/www.szenk.de\/sm__\/wp-content\/plugins\/ms_plugIn_ext_DB_syn\/___FILES_MAT__\/IMAGES___MAT\/werk\/graphik\/manuell\/ol_acryl\/ol_acryl_1993\/marek_szenk_acryl_baumwolle_1993_120x160_003.jpg\" alt=\"eine arbeit von marek szenk mit der bezeichnung -> 06. [ ohne titel ]\" title=\"06. [ ohne titel ]\" \/> \n\t\n    <!-- <img> --> \n\n\t<\/div> <!-- <image_wrap> --> \n\n\t<!-- <\/IMAGE> --> \n\n<div class ='image-title'> \n06. [ ohne titel ]\n<div id ='image-info-arrow' class ='image-info-arrow-open'>\n\n\n\t\t<svg class ='icon icon-folder-open' aria-hidden='true' role='img'> <use href='#icon-angle-down' xlink:href='#icon-angle-down'><\/use> <\/svg><span class='screen-reader-text'>open<\/span>\n\n\t\t<\/div>  <!-- <image-info-arrow-open> -->\n<\/div>  <!-- <image-title> --> \n<div class ='image-info' > \n\n<div class ='pre_line'> <\/div> <!-- <pre_line> -->\n<div class ='clearfix_1'> \n<div class ='left_1'> \ncreated :<\/div> <!-- <left_1> --> \n<div class ='left_2'> \n1993<\/div> <!-- <left_2> --> \n<\/div> <!-- <clearfix_1> --> \n<div class ='after_line'> <\/div> <!-- <after_line> -->\n\n<div class ='pre_line'> <\/div> <!-- <pre_line> -->\n<div class ='clearfix_1'> \n<div class ='left_1_'> \nart :<\/div> <!-- <left_1> --> \n<div class ='left_2_'> \nacryl auf baumwolle<\/div> <!-- <left_2> --> \n<\/div> <!-- <clearfix_1> --> \n<div class ='after_line'> <\/div> <!-- <after_line> -->\n\n<div class ='pre_line'> <\/div> <!-- <pre_line> -->\n<div class ='clearfix_1'> \n<div class ='left_1'> \ndimension  :<\/div> <!-- <left_1> --> \n<div class ='left_2'> \n120 x 160 cm<\/div> <!-- <left_2> --> \n<\/div> <!-- <clearfix_1> --> \n<div class ='after_line'> <\/div> <!-- <after_line> -->\n<div class ='image-info-end'> <\/div>\n\t\n\t <\/div><!-- <image-info> -->\n<div class ='image-info-end-ABSTAND'> \n\t\n\t <\/div><!-- <image-info-end-ABSTAND> -->\n\n\n\n\t<script>\t\n\tms__.ms_set_attribut_001 ( '.image-info', 'display', 'none');\n\tms__.ms_set_attribut_001 ( '.image-info-closable-text', 'display', 'none');\t\t\t\n\t<\/script>\n\n\n\t<!--   ------------------------  [ out_img_item 7 ] ----------- [ db_item 7 ] --> \n \n \n\t<!-- <IMAGE> --> \n\n\t<div class ='image_wrap'> <!-- <image_wrap> --> \n\n\t<img class ='img_rahmen' src=\"https:\/\/www.szenk.de\/sm__\/wp-content\/plugins\/ms_plugIn_ext_DB_syn\/___FILES_MAT__\/IMAGES___MAT\/werk\/graphik\/manuell\/ol_acryl\/ol_acryl_1993\/marek_szenk_ol_baumwolle_1993_110x150_004.jpg\" alt=\"eine arbeit von marek szenk mit der bezeichnung -> 07. [ ohne titel ]\" title=\"07. [ ohne titel ]\" \/> \n\t\n    <!-- <img> --> \n\n\t<\/div> <!-- <image_wrap> --> \n\n\t<!-- <\/IMAGE> --> \n\n<div class ='image-title'> \n07. [ ohne titel ]\n<div id ='image-info-arrow' class ='image-info-arrow-open'>\n\n\n\t\t<svg class ='icon icon-folder-open' aria-hidden='true' role='img'> <use href='#icon-angle-down' xlink:href='#icon-angle-down'><\/use> <\/svg><span class='screen-reader-text'>open<\/span>\n\n\t\t<\/div>  <!-- <image-info-arrow-open> -->\n<\/div>  <!-- <image-title> --> \n<div class ='image-info' > \n\n<div class ='pre_line'> <\/div> <!-- <pre_line> -->\n<div class ='clearfix_1'> \n<div class ='left_1'> \ncreated :<\/div> <!-- <left_1> --> \n<div class ='left_2'> \n1993<\/div> <!-- <left_2> --> \n<\/div> <!-- <clearfix_1> --> \n<div class ='after_line'> <\/div> <!-- <after_line> -->\n\n<div class ='pre_line'> <\/div> <!-- <pre_line> -->\n<div class ='clearfix_1'> \n<div class ='left_1_'> \nart :<\/div> <!-- <left_1> --> \n<div class ='left_2_'> \n\u00f6l auf baumwolle<\/div> <!-- <left_2> --> \n<\/div> <!-- <clearfix_1> --> \n<div class ='after_line'> <\/div> <!-- <after_line> -->\n\n<div class ='pre_line'> <\/div> <!-- <pre_line> -->\n<div class ='clearfix_1'> \n<div class ='left_1'> \ndimension  :<\/div> <!-- <left_1> --> \n<div class ='left_2'> \n110 x 150 cm<\/div> <!-- <left_2> --> \n<\/div> <!-- <clearfix_1> --> \n<div class ='after_line'> <\/div> <!-- <after_line> -->\n<div class ='image-info-end'> <\/div>\n\t\n\t <\/div><!-- <image-info> -->\n<div class ='image-info-end-ABSTAND'> \n\t\n\t <\/div><!-- <image-info-end-ABSTAND> -->\n\n\n\n\t<script>\t\n\tms__.ms_set_attribut_001 ( '.image-info', 'display', 'none');\n\tms__.ms_set_attribut_001 ( '.image-info-closable-text', 'display', 'none');\t\t\t\n\t<\/script>\n\n\n\t<!--   ------------------------  [ out_img_item 8 ] ----------- [ db_item 8 ] --> \n \n \n\t<!-- <IMAGE> --> \n\n\t<div class ='image_wrap'> <!-- <image_wrap> --> \n\n\t<img class ='img_rahmen' src=\"https:\/\/www.szenk.de\/sm__\/wp-content\/plugins\/ms_plugIn_ext_DB_syn\/___FILES_MAT__\/IMAGES___MAT\/werk\/graphik\/manuell\/ol_acryl\/ol_acryl_1993\/marek_szenk_ol_baumwolle_1993_110x300_diptichon_004.jpg\" alt=\"eine arbeit von marek szenk mit der bezeichnung -> 08. [ ohne titel ]\" title=\"08. [ ohne titel ]\" \/> \n\t\n    <!-- <img> --> \n\n\t<\/div> <!-- <image_wrap> --> \n\n\t<!-- <\/IMAGE> --> \n\n<div class ='image-title'> \n08. [ ohne titel ]\n<div id ='image-info-arrow' class ='image-info-arrow-open'>\n\n\n\t\t<svg class ='icon icon-folder-open' aria-hidden='true' role='img'> <use href='#icon-angle-down' xlink:href='#icon-angle-down'><\/use> <\/svg><span class='screen-reader-text'>open<\/span>\n\n\t\t<\/div>  <!-- <image-info-arrow-open> -->\n<\/div>  <!-- <image-title> --> \n<div class ='image-info' > \n\n<div class ='pre_line'> <\/div> <!-- <pre_line> -->\n<div class ='clearfix_1'> \n<div class ='left_1'> \ncreated :<\/div> <!-- <left_1> --> \n<div class ='left_2'> \n1993<\/div> <!-- <left_2> --> \n<\/div> <!-- <clearfix_1> --> \n<div class ='after_line'> <\/div> <!-- <after_line> -->\n\n<div class ='pre_line'> <\/div> <!-- <pre_line> -->\n<div class ='clearfix_1'> \n<div class ='left_1_'> \nart :<\/div> <!-- <left_1> --> \n<div class ='left_2_'> \n\u00f6l auf baumwolle<\/div> <!-- <left_2> --> \n<\/div> <!-- <clearfix_1> --> \n<div class ='after_line'> <\/div> <!-- <after_line> -->\n\n<div class ='pre_line'> <\/div> <!-- <pre_line> -->\n<div class ='clearfix_1'> \n<div class ='left_1'> \ndimension  :<\/div> <!-- <left_1> --> \n<div class ='left_2'> \n110 x 300 cm , diptichon<\/div> <!-- <left_2> --> \n<\/div> <!-- <clearfix_1> --> \n<div class ='after_line'> <\/div> <!-- <after_line> -->\n<div class ='image-info-end'> <\/div>\n\t\n\t <\/div><!-- <image-info> -->\n<div class ='image-info-end-ABSTAND'> \n\t\n\t <\/div><!-- <image-info-end-ABSTAND> -->\n \n <script>\n\t\t\n\tms__.ms_element_fold_001('.image-title', '.image-info', 'fast', 'div', 'image-info-arrow-open image-info-arrow-close');\n\n\tms__.ms_element_fold_001('.image-info-closable', '.image-info-closable-text', 'fast', 'div', 'image-info-arrow-open-2 image-info-arrow-close-2');\n\n\tms__.ms_by_click_scrollto_001 ( '.anker-to-text', '.anker_text', 1400);\n\t\n\tms__.ms_by_click_scroll_to_top_001 ( '.anker-to-top',  1400);\n\t\n\t \n <\/script> \n<div class ='plugIn-addition-content' ><!-- <plugIn-addition-content> -->\n<\/div><!-- <plugIn-addition-content> -->\n<div class ='anker_text' id = 'anker1' > <\/div><!-- <anker-text> -->\n\n\t<div class ='pre-description-text-space' ><\/div><!-- <pre-description-text-space> -->\n\n\t<div class ='images-description-text' >\n<div class=\"fl_txt\">\r\n<span class=\"txt_fl_title\">\r\n\r\n\u00f6l acryl <br>\r\n1993\r\n\r\n<\/span>\r\n<br><br><br>\r\n\r\n<span class=\"txt_fl_small\"> [ auswahl  ] <\/span>\r\n\r\n\r\n\r\n<br><br>\r\n\r\n<span class=\"txt_fl_italic\">\r\n\r\n<\/span>\r\n\r\n<br>\r\n\r\n\r\n\r\n\r\n\r\nDer mit Farbe getr\u00e4nkte und auf dem Bildtr\u00e4ger bewegte Gegenstand hinterl\u00e4sst meist eigent\u00fcmliche, f\u00fcr den Ausf\u00fchrenden h\u00e4ufig nicht vorauszuahnende Spuren.<br>\r\nDiese werden rascher Auswertung unterzogen, bevor sie einem neuen Farbenauftrag weichen oder nicht mehr ver\u00e4ndert werden.<br>\r\nDas wiederholt sich oft. <br> <br>\r\nDie so entstehenden Ver\u00e4nderungen werden zunehmend dezenter, bis dem Ausf\u00fchrenden, das was er ausf\u00fchrt, als vollendet erscheint.\r\n\r\n\r\n\r\n\r\n\r\n<br>\r\n<span class=\"txt_fl_italic\">\r\n\r\n\r\n<\/span>\r\n\r\n\r\n<br><br>\r\n<span class=\"txt_fl_small\">\r\n\r\nmarek szenk\r\n\r\n<\/span>\r\n\r\n\r\n\r\n<\/div>\r\n\r\n<\/div><!-- <images-description-text> -->\n<div class ='plugIn-addition-content' ><!-- <plugIn-addition-content> -->\n<\/div><!-- <plugIn-addition-content> -->\n<div class ='pre-anker-to-top-space' ><\/div><!-- <pre-anker-to-top-space> -->\n\n\t\t<div class ='anker-to-top' >\n<div id ='image-info-arrow' class ='image-info-arrow-open-3'>\n\n\n\t<svg class ='icon icon-folder-open' aria-hidden='true' role='img'> <use href='#icon-angle-down' xlink:href='#icon-angle-down'><\/use> <\/svg><span class='screen-reader-text'>open<\/span>\n\n\t<\/div>  <!-- <image-info-arrow-open> -->\n\n\t\t<div class ='anker-to-top-innen' >\n\t\ttop :\n\n\t\t<\/div><!-- <anker-to-top-innen> -->\n\n\n\t\t<\/div><!-- <anker-to-top> -->\n\n\n\n<\/div> <!-- <output____wrap> --> \n\n\n\n\n<!-- rendered at 01.05.2026-19:08:32 _____________________________________________________________________ -->\n<!-- _____________________________-------------------[ END ]--------------------_____________________________ -->\n<!-- =============================== [  ms_plugIn_ext_DB_syn \u00a9 marek szenk  ] =============================== -->\n<!-- =============================== [  ----------------------------------  ] =============================== -->\n\n\n<div class='TEXT__ms___WP_CONTENT_for_search_only' ><!-- <wp-tbl-txt-for-search-only-ms-plugIn> -->\n \n\u00f6l acryl 1993 [ auswahl ] Der mit Farbe getr\u00e4nkte und auf dem Bildtr\u00e4ger bewegte Gegenstand hinterl\u00e4sst meist eigent\u00fcmliche, f\u00fcr den Ausf\u00fchrenden h\u00e4ufig nicht vorauszuahnende Spuren. Diese werden rascher Auswertung unterzogen, bevor sie einem neuen Farbenauftrag weichen oder nicht mehr ver\u00e4ndert werden. Das wiederholt sich oft. Die so entstehenden Ver\u00e4nderungen werden zunehmend dezenter, bis dem Ausf\u00fchrenden, das was er ausf\u00fchrt, als vollendet erscheint. marek szenk\nwerk\/graphik\/manuell\/ol_acryl\/ol_acryl_1993\/ 01. [ ohne titel ] 1993 \u00f6l auf baumwolle 165 x 175 cm 02. [ ohne titel ] 160 x 175 cm 03. [ ohne titel ] 160 x 175 cm 04. [ ohne titel ] acryl auf baumwolle 120 x 160 cm 05. [ ohne titel ] 06. [ ohne titel ] 07. [ ohne titel ] \u00f6l auf baumwolle 110 x 150 cm 08. [ ohne titel ] 110 x 300 cm , diptichon\n\n <\/div><!-- <wp-tbl-txt-for-search-only-ms-plugIn> -->\n\n","protected":false},"excerpt":{"rendered":"<p>[ auswahl ] &nbsp; \u00f6l acryl 1993 [ auswahl ] Der mit Farbe getr\u00e4nkte und auf dem Bildtr\u00e4ger bewegte Gegenstand hinterl\u00e4sst meist eigent\u00fcmliche, f\u00fcr den Ausf\u00fchrenden h\u00e4ufig nicht vorauszuahnende Spuren. Diese werden rascher Auswertung unterzogen, bevor sie einem neuen Farbenauftrag weichen oder nicht mehr ver\u00e4ndert werden. Das wiederholt sich oft. Die so entstehenden Ver\u00e4nderungen werden &hellip; <\/p>\n<p class=\"link-more\"><a href=\"https:\/\/www.szenk.de\/sm__\/werk\/archiv\/oel-1993\/\" class=\"more-link\"><span class=\"screen-reader-text\">\u201e\u00f6l acryl 1993\u201c <\/span>weiterlesen<\/a><\/p>\n","protected":false},"author":1,"featured_media":0,"parent":381,"menu_order":0,"comment_status":"closed","ping_status":"closed","template":"","meta":{"footnotes":""},"class_list":["post-311","page","type-page","status-publish","hentry"],"_links":{"self":[{"href":"https:\/\/www.szenk.de\/sm__\/wp-json\/wp\/v2\/pages\/311","targetHints":{"allow":["GET"]}}],"collection":[{"href":"https:\/\/www.szenk.de\/sm__\/wp-json\/wp\/v2\/pages"}],"about":[{"href":"https:\/\/www.szenk.de\/sm__\/wp-json\/wp\/v2\/types\/page"}],"author":[{"embeddable":true,"href":"https:\/\/www.szenk.de\/sm__\/wp-json\/wp\/v2\/users\/1"}],"replies":[{"embeddable":true,"href":"https:\/\/www.szenk.de\/sm__\/wp-json\/wp\/v2\/comments?post=311"}],"version-history":[{"count":2,"href":"https:\/\/www.szenk.de\/sm__\/wp-json\/wp\/v2\/pages\/311\/revisions"}],"predecessor-version":[{"id":2386,"href":"https:\/\/www.szenk.de\/sm__\/wp-json\/wp\/v2\/pages\/311\/revisions\/2386"}],"up":[{"embeddable":true,"href":"https:\/\/www.szenk.de\/sm__\/wp-json\/wp\/v2\/pages\/381"}],"wp:attachment":[{"href":"https:\/\/www.szenk.de\/sm__\/wp-json\/wp\/v2\/media?parent=311"}],"curies":[{"name":"wp","href":"https:\/\/api.w.org\/{rel}","templated":true}]}}