



{"id":413,"date":"2018-03-28T22:16:29","date_gmt":"2018-03-28T20:16:29","guid":{"rendered":"https:\/\/www.szenk.de\/sm__\/?page_id=413"},"modified":"2019-05-16T01:15:05","modified_gmt":"2019-05-15T23:15:05","slug":"photo-divers-01","status":"publish","type":"page","link":"https:\/\/www.szenk.de\/sm__\/werk\/archiv\/photo-divers-01\/","title":{"rendered":"photo divers 1994"},"content":{"rendered":"\n<link rel='stylesheet' id='ms_style_1'  href='https:\/\/www.szenk.de\/sm__\/wp-content\/plugins\/ms_plugIn_ext_DB_syn\/__ms_plugIn_ext_DB_syn_front_END\/res\/css\/wp_plugIn_ext_DB_syn__css.css' type='text\/css' media='all' \/>\n<link rel='stylesheet' id='ms_style_2' href='https:\/\/www.szenk.de\/sm__\/wp-content\/plugins\/ms_plugIn_ext_DB_syn\/___FILES_FACE__\/css\/overwrite\/wp_overwrite__mod_02.css' type='text\/css' media='all' \/>\n<div class=\"txt_seiten_titel_info\">\nfotografie analog\n<div class=\"txt_seiten_titel_info_italic\">[ auswahl ]<\/div>\n<div class=\"txt_seiten_titel_info_after\">1994<\/div>\n<\/div>\n\n\n<div class=\"ms_H____abs_01____\">&nbsp;<\/div>\n\n\n\n\n\n\n\n<div class=\"TEXT__ms___WP_CONTENT_for_search_only\">\n\n<\/div>\n\n\n\n\n<!-- _____________________________------------------[ INIT ]--------------------_____________________________ -->\n<!-- =============================== [  ms_plugIn_ext_DB_syn \u00a9 marek szenk  ] =============================== -->\n<!-- =============================== [  ----------------------------------  ] =============================== -->\n\n\n<script type='text\/javascript' language='Javascript' src='https:\/\/www.szenk.de\/sm__\/wp-content\/plugins\/ms_plugIn_ext_DB_syn\/__ms_plugIn_ext_DB_syn_front_END\/res\/j\/ms__.js'><\/script>\n\n<div class ='output____wrap'> <!-- <output____wrap> --> \n\n<div class ='plugIn-addition-content' ><!-- <plugIn-addition-content> -->\n<\/div><!-- <plugIn-addition-content> -->\n<div class ='anker-to-text' >\n<div id ='image-info-arrow' class ='image-info-arrow-open-3'>\n\n\n\t<svg class ='icon icon-folder-open' aria-hidden='true' role='img'> <use href='#icon-angle-down' xlink:href='#icon-angle-down'><\/use> <\/svg><span class='screen-reader-text'>open<\/span>\n\n\t<\/div>  <!-- <image-info-arrow-open> -->\n\n\t<div class ='anker-to-text-innen' >\n\tmethode :\n\n\t<\/div><!-- <anker-to-text-innen> -->\n\n\n\t<\/div><!-- <anker-to-text> -->\n\n\n\t<div class ='anker_top' id = 'anker2' > <\/div><!-- <anker_top> -->\n\n\n\t<div class = 'post-anker-to-text'  > <\/div><!-- <post-anker-to-text> -->\n\n\n\n\n\n\t<script>\t\n\tms__.ms_set_attribut_001 ( '.image-info', 'display', 'none');\n\tms__.ms_set_attribut_001 ( '.image-info-closable-text', 'display', 'none');\t\t\t\n\t<\/script>\n\n\n\t<!--   ------------------------  [ out_img_item 1 ] ----------- [ db_item 1 ] --> \n \n \n\t<!-- <IMAGE> --> \n\n\t<div class ='image_wrap'> <!-- <image_wrap> --> \n\n\t<img class ='img_rahmen' src=\"https:\/\/www.szenk.de\/sm__\/wp-content\/plugins\/ms_plugIn_ext_DB_syn\/___FILES_MAT__\/IMAGES___MAT\/werk\/divers\/photo_01\/divers_01\/marek_szenk_exp_001_29x19.jpg\" alt=\"eine arbeit von marek szenk mit der bezeichnung -> 01. [ exp_001 ]\" title=\"01. [ exp_001 ]\" \/> \n\t\n    <!-- <img> --> \n\n\t<\/div> <!-- <image_wrap> --> \n\n\t<!-- <\/IMAGE> --> \n\n<div class ='image-title'> \n01. [ exp_001 ]\n<div id ='image-info-arrow' class ='image-info-arrow-open'>\n\n\n\t\t<svg class ='icon icon-folder-open' aria-hidden='true' role='img'> <use href='#icon-angle-down' xlink:href='#icon-angle-down'><\/use> <\/svg><span class='screen-reader-text'>open<\/span>\n\n\t\t<\/div>  <!-- <image-info-arrow-open> -->\n<\/div>  <!-- <image-title> --> \n<div class ='image-info' > \n\n<div class ='pre_line'> <\/div> <!-- <pre_line> -->\n<div class ='clearfix_1'> \n<div class ='left_1'> \ncreated :<\/div> <!-- <left_1> --> \n<div class ='left_2'> \n1994<\/div> <!-- <left_2> --> \n<\/div> <!-- <clearfix_1> --> \n<div class ='after_line'> <\/div> <!-- <after_line> -->\n\n<div class ='pre_line'> <\/div> <!-- <pre_line> -->\n<div class ='clearfix_1'> \n<div class ='left_1_'> \nart :<\/div> <!-- <left_1> --> \n<div class ='left_2_'> \nfotografie analog<\/div> <!-- <left_2> --> \n<\/div> <!-- <clearfix_1> --> \n<div class ='after_line'> <\/div> <!-- <after_line> -->\n\n<div class ='pre_line'> <\/div> <!-- <pre_line> -->\n<div class ='clearfix_1'> \n<div class ='left_1'> \ndimension  :<\/div> <!-- <left_1> --> \n<div class ='left_2'> \n19 x 29 cm <\/div> <!-- <left_2> --> \n<\/div> <!-- <clearfix_1> --> \n<div class ='after_line'> <\/div> <!-- <after_line> -->\n<div class ='image-info-end'> <\/div>\n\t\n\t <\/div><!-- <image-info> -->\n<div class ='image-info-end-ABSTAND'> \n\t\n\t <\/div><!-- <image-info-end-ABSTAND> -->\n\n\n\n\t<script>\t\n\tms__.ms_set_attribut_001 ( '.image-info', 'display', 'none');\n\tms__.ms_set_attribut_001 ( '.image-info-closable-text', 'display', 'none');\t\t\t\n\t<\/script>\n\n\n\t<!--   ------------------------  [ out_img_item 2 ] ----------- [ db_item 2 ] --> \n \n \n\t<!-- <IMAGE> --> \n\n\t<div class ='image_wrap'> <!-- <image_wrap> --> \n\n\t<img class ='img_rahmen' src=\"https:\/\/www.szenk.de\/sm__\/wp-content\/plugins\/ms_plugIn_ext_DB_syn\/___FILES_MAT__\/IMAGES___MAT\/werk\/divers\/photo_01\/divers_01\/marek_szenk_exp_002_19x29.jpg\" alt=\"eine arbeit von marek szenk mit der bezeichnung -> 02. [ exp_002 ]\" title=\"02. [ exp_002 ]\" \/> \n\t\n    <!-- <img> --> \n\n\t<\/div> <!-- <image_wrap> --> \n\n\t<!-- <\/IMAGE> --> \n\n<div class ='image-title'> \n02. [ exp_002 ]\n<div id ='image-info-arrow' class ='image-info-arrow-open'>\n\n\n\t\t<svg class ='icon icon-folder-open' aria-hidden='true' role='img'> <use href='#icon-angle-down' xlink:href='#icon-angle-down'><\/use> <\/svg><span class='screen-reader-text'>open<\/span>\n\n\t\t<\/div>  <!-- <image-info-arrow-open> -->\n<\/div>  <!-- <image-title> --> \n<div class ='image-info' > \n\n<div class ='pre_line'> <\/div> <!-- <pre_line> -->\n<div class ='clearfix_1'> \n<div class ='left_1'> \ncreated :<\/div> <!-- <left_1> --> \n<div class ='left_2'> \n1994<\/div> <!-- <left_2> --> \n<\/div> <!-- <clearfix_1> --> \n<div class ='after_line'> <\/div> <!-- <after_line> -->\n\n<div class ='pre_line'> <\/div> <!-- <pre_line> -->\n<div class ='clearfix_1'> \n<div class ='left_1_'> \nart :<\/div> <!-- <left_1> --> \n<div class ='left_2_'> \nfotografie analog<\/div> <!-- <left_2> --> \n<\/div> <!-- <clearfix_1> --> \n<div class ='after_line'> <\/div> <!-- <after_line> -->\n\n<div class ='pre_line'> <\/div> <!-- <pre_line> -->\n<div class ='clearfix_1'> \n<div class ='left_1'> \ndimension  :<\/div> <!-- <left_1> --> \n<div class ='left_2'> \n19 x 29 cm<\/div> <!-- <left_2> --> \n<\/div> <!-- <clearfix_1> --> \n<div class ='after_line'> <\/div> <!-- <after_line> -->\n<div class ='image-info-end'> <\/div>\n\t\n\t <\/div><!-- <image-info> -->\n<div class ='image-info-end-ABSTAND'> \n\t\n\t <\/div><!-- <image-info-end-ABSTAND> -->\n\n\n\n\t<script>\t\n\tms__.ms_set_attribut_001 ( '.image-info', 'display', 'none');\n\tms__.ms_set_attribut_001 ( '.image-info-closable-text', 'display', 'none');\t\t\t\n\t<\/script>\n\n\n\t<!--   ------------------------  [ out_img_item 3 ] ----------- [ db_item 3 ] --> \n \n \n\t<!-- <IMAGE> --> \n\n\t<div class ='image_wrap'> <!-- <image_wrap> --> \n\n\t<img class ='img_rahmen' src=\"https:\/\/www.szenk.de\/sm__\/wp-content\/plugins\/ms_plugIn_ext_DB_syn\/___FILES_MAT__\/IMAGES___MAT\/werk\/divers\/photo_01\/divers_01\/marek_szenk_exp_003_19x29.jpg\" alt=\"eine arbeit von marek szenk mit der bezeichnung -> 03. [ exp_003 ]\" title=\"03. [ exp_003 ]\" \/> \n\t\n    <!-- <img> --> \n\n\t<\/div> <!-- <image_wrap> --> \n\n\t<!-- <\/IMAGE> --> \n\n<div class ='image-title'> \n03. [ exp_003 ]\n<div id ='image-info-arrow' class ='image-info-arrow-open'>\n\n\n\t\t<svg class ='icon icon-folder-open' aria-hidden='true' role='img'> <use href='#icon-angle-down' xlink:href='#icon-angle-down'><\/use> <\/svg><span class='screen-reader-text'>open<\/span>\n\n\t\t<\/div>  <!-- <image-info-arrow-open> -->\n<\/div>  <!-- <image-title> --> \n<div class ='image-info' > \n\n<div class ='pre_line'> <\/div> <!-- <pre_line> -->\n<div class ='clearfix_1'> \n<div class ='left_1'> \ncreated :<\/div> <!-- <left_1> --> \n<div class ='left_2'> \n1994<\/div> <!-- <left_2> --> \n<\/div> <!-- <clearfix_1> --> \n<div class ='after_line'> <\/div> <!-- <after_line> -->\n\n<div class ='pre_line'> <\/div> <!-- <pre_line> -->\n<div class ='clearfix_1'> \n<div class ='left_1_'> \nart :<\/div> <!-- <left_1> --> \n<div class ='left_2_'> \nfotografie analog<\/div> <!-- <left_2> --> \n<\/div> <!-- <clearfix_1> --> \n<div class ='after_line'> <\/div> <!-- <after_line> -->\n\n<div class ='pre_line'> <\/div> <!-- <pre_line> -->\n<div class ='clearfix_1'> \n<div class ='left_1'> \ndimension  :<\/div> <!-- <left_1> --> \n<div class ='left_2'> \n19 x 29 cm<\/div> <!-- <left_2> --> \n<\/div> <!-- <clearfix_1> --> \n<div class ='after_line'> <\/div> <!-- <after_line> -->\n<div class ='image-info-end'> <\/div>\n\t\n\t <\/div><!-- <image-info> -->\n<div class ='image-info-end-ABSTAND'> \n\t\n\t <\/div><!-- <image-info-end-ABSTAND> -->\n\n\n\n\t<script>\t\n\tms__.ms_set_attribut_001 ( '.image-info', 'display', 'none');\n\tms__.ms_set_attribut_001 ( '.image-info-closable-text', 'display', 'none');\t\t\t\n\t<\/script>\n\n\n\t<!--   ------------------------  [ out_img_item 4 ] ----------- [ db_item 4 ] --> \n \n \n\t<!-- <IMAGE> --> \n\n\t<div class ='image_wrap'> <!-- <image_wrap> --> \n\n\t<img class ='img_rahmen' src=\"https:\/\/www.szenk.de\/sm__\/wp-content\/plugins\/ms_plugIn_ext_DB_syn\/___FILES_MAT__\/IMAGES___MAT\/werk\/divers\/photo_01\/divers_01\/marek_szenk_exp_004_19x29.jpg\" alt=\"eine arbeit von marek szenk mit der bezeichnung -> 04. [ exp_004 ]\" title=\"04. [ exp_004 ]\" \/> \n\t\n    <!-- <img> --> \n\n\t<\/div> <!-- <image_wrap> --> \n\n\t<!-- <\/IMAGE> --> \n\n<div class ='image-title'> \n04. [ exp_004 ]\n<div id ='image-info-arrow' class ='image-info-arrow-open'>\n\n\n\t\t<svg class ='icon icon-folder-open' aria-hidden='true' role='img'> <use href='#icon-angle-down' xlink:href='#icon-angle-down'><\/use> <\/svg><span class='screen-reader-text'>open<\/span>\n\n\t\t<\/div>  <!-- <image-info-arrow-open> -->\n<\/div>  <!-- <image-title> --> \n<div class ='image-info' > \n\n<div class ='pre_line'> <\/div> <!-- <pre_line> -->\n<div class ='clearfix_1'> \n<div class ='left_1'> \ncreated :<\/div> <!-- <left_1> --> \n<div class ='left_2'> \n1994<\/div> <!-- <left_2> --> \n<\/div> <!-- <clearfix_1> --> \n<div class ='after_line'> <\/div> <!-- <after_line> -->\n\n<div class ='pre_line'> <\/div> <!-- <pre_line> -->\n<div class ='clearfix_1'> \n<div class ='left_1_'> \nart :<\/div> <!-- <left_1> --> \n<div class ='left_2_'> \nfotografie analog<\/div> <!-- <left_2> --> \n<\/div> <!-- <clearfix_1> --> \n<div class ='after_line'> <\/div> <!-- <after_line> -->\n\n<div class ='pre_line'> <\/div> <!-- <pre_line> -->\n<div class ='clearfix_1'> \n<div class ='left_1'> \ndimension  :<\/div> <!-- <left_1> --> \n<div class ='left_2'> \n19 x 29 cm<\/div> <!-- <left_2> --> \n<\/div> <!-- <clearfix_1> --> \n<div class ='after_line'> <\/div> <!-- <after_line> -->\n<div class ='image-info-end'> <\/div>\n\t\n\t <\/div><!-- <image-info> -->\n<div class ='image-info-end-ABSTAND'> \n\t\n\t <\/div><!-- <image-info-end-ABSTAND> -->\n\n\n\n\t<script>\t\n\tms__.ms_set_attribut_001 ( '.image-info', 'display', 'none');\n\tms__.ms_set_attribut_001 ( '.image-info-closable-text', 'display', 'none');\t\t\t\n\t<\/script>\n\n\n\t<!--   ------------------------  [ out_img_item 5 ] ----------- [ db_item 5 ] --> \n \n \n\t<!-- <IMAGE> --> \n\n\t<div class ='image_wrap'> <!-- <image_wrap> --> \n\n\t<img class ='img_rahmen' src=\"https:\/\/www.szenk.de\/sm__\/wp-content\/plugins\/ms_plugIn_ext_DB_syn\/___FILES_MAT__\/IMAGES___MAT\/werk\/divers\/photo_01\/divers_01\/marek_szenk_exp_005_19x29.jpg\" alt=\"eine arbeit von marek szenk mit der bezeichnung -> 05. [ exp_005 ]\" title=\"05. [ exp_005 ]\" \/> \n\t\n    <!-- <img> --> \n\n\t<\/div> <!-- <image_wrap> --> \n\n\t<!-- <\/IMAGE> --> \n\n<div class ='image-title'> \n05. [ exp_005 ]\n<div id ='image-info-arrow' class ='image-info-arrow-open'>\n\n\n\t\t<svg class ='icon icon-folder-open' aria-hidden='true' role='img'> <use href='#icon-angle-down' xlink:href='#icon-angle-down'><\/use> <\/svg><span class='screen-reader-text'>open<\/span>\n\n\t\t<\/div>  <!-- <image-info-arrow-open> -->\n<\/div>  <!-- <image-title> --> \n<div class ='image-info' > \n\n<div class ='pre_line'> <\/div> <!-- <pre_line> -->\n<div class ='clearfix_1'> \n<div class ='left_1'> \ncreated :<\/div> <!-- <left_1> --> \n<div class ='left_2'> \n1994<\/div> <!-- <left_2> --> \n<\/div> <!-- <clearfix_1> --> \n<div class ='after_line'> <\/div> <!-- <after_line> -->\n\n<div class ='pre_line'> <\/div> <!-- <pre_line> -->\n<div class ='clearfix_1'> \n<div class ='left_1_'> \nart :<\/div> <!-- <left_1> --> \n<div class ='left_2_'> \nfotografie analog<\/div> <!-- <left_2> --> \n<\/div> <!-- <clearfix_1> --> \n<div class ='after_line'> <\/div> <!-- <after_line> -->\n\n<div class ='pre_line'> <\/div> <!-- <pre_line> -->\n<div class ='clearfix_1'> \n<div class ='left_1'> \ndimension  :<\/div> <!-- <left_1> --> \n<div class ='left_2'> \n19 x 29 cm<\/div> <!-- <left_2> --> \n<\/div> <!-- <clearfix_1> --> \n<div class ='after_line'> <\/div> <!-- <after_line> -->\n<div class ='image-info-end'> <\/div>\n\t\n\t <\/div><!-- <image-info> -->\n<div class ='image-info-end-ABSTAND'> \n\t\n\t <\/div><!-- <image-info-end-ABSTAND> -->\n\n\n\n\t<script>\t\n\tms__.ms_set_attribut_001 ( '.image-info', 'display', 'none');\n\tms__.ms_set_attribut_001 ( '.image-info-closable-text', 'display', 'none');\t\t\t\n\t<\/script>\n\n\n\t<!--   ------------------------  [ out_img_item 6 ] ----------- [ db_item 6 ] --> \n \n \n\t<!-- <IMAGE> --> \n\n\t<div class ='image_wrap'> <!-- <image_wrap> --> \n\n\t<img class ='img_rahmen' src=\"https:\/\/www.szenk.de\/sm__\/wp-content\/plugins\/ms_plugIn_ext_DB_syn\/___FILES_MAT__\/IMAGES___MAT\/werk\/divers\/photo_01\/divers_01\/marek_szenk_exp_006_29x19.jpg\" alt=\"eine arbeit von marek szenk mit der bezeichnung -> 06. [ exp_006 ]\" title=\"06. [ exp_006 ]\" \/> \n\t\n    <!-- <img> --> \n\n\t<\/div> <!-- <image_wrap> --> \n\n\t<!-- <\/IMAGE> --> \n\n<div class ='image-title'> \n06. [ exp_006 ]\n<div id ='image-info-arrow' class ='image-info-arrow-open'>\n\n\n\t\t<svg class ='icon icon-folder-open' aria-hidden='true' role='img'> <use href='#icon-angle-down' xlink:href='#icon-angle-down'><\/use> <\/svg><span class='screen-reader-text'>open<\/span>\n\n\t\t<\/div>  <!-- <image-info-arrow-open> -->\n<\/div>  <!-- <image-title> --> \n<div class ='image-info' > \n\n<div class ='pre_line'> <\/div> <!-- <pre_line> -->\n<div class ='clearfix_1'> \n<div class ='left_1'> \ncreated :<\/div> <!-- <left_1> --> \n<div class ='left_2'> \n1994<\/div> <!-- <left_2> --> \n<\/div> <!-- <clearfix_1> --> \n<div class ='after_line'> <\/div> <!-- <after_line> -->\n\n<div class ='pre_line'> <\/div> <!-- <pre_line> -->\n<div class ='clearfix_1'> \n<div class ='left_1_'> \nart :<\/div> <!-- <left_1> --> \n<div class ='left_2_'> \nfotografie analog<\/div> <!-- <left_2> --> \n<\/div> <!-- <clearfix_1> --> \n<div class ='after_line'> <\/div> <!-- <after_line> -->\n\n<div class ='pre_line'> <\/div> <!-- <pre_line> -->\n<div class ='clearfix_1'> \n<div class ='left_1'> \ndimension  :<\/div> <!-- <left_1> --> \n<div class ='left_2'> \n19 x 29 cm<\/div> <!-- <left_2> --> \n<\/div> <!-- <clearfix_1> --> \n<div class ='after_line'> <\/div> <!-- <after_line> -->\n<div class ='image-info-end'> <\/div>\n\t\n\t <\/div><!-- <image-info> -->\n<div class ='image-info-end-ABSTAND'> \n\t\n\t <\/div><!-- <image-info-end-ABSTAND> -->\n \n <script>\n\t\t\n\tms__.ms_element_fold_001('.image-title', '.image-info', 'fast', 'div', 'image-info-arrow-open image-info-arrow-close');\n\n\tms__.ms_element_fold_001('.image-info-closable', '.image-info-closable-text', 'fast', 'div', 'image-info-arrow-open-2 image-info-arrow-close-2');\n\n\tms__.ms_by_click_scrollto_001 ( '.anker-to-text', '.anker_text', 1400);\n\t\n\tms__.ms_by_click_scroll_to_top_001 ( '.anker-to-top',  1400);\n\t\n\t \n <\/script> \n<div class ='plugIn-addition-content' ><!-- <plugIn-addition-content> -->\n<\/div><!-- <plugIn-addition-content> -->\n<div class ='anker_text' id = 'anker1' > <\/div><!-- <anker-text> -->\n\n\t<div class ='pre-description-text-space' ><\/div><!-- <pre-description-text-space> -->\n\n\t<div class ='images-description-text' >\n<div class=\"fl_txt\">\r\n<span class=\"txt_fl_title\">\r\n\r\ndivers_01 <br>\r\n1994\r\n\r\n<\/span>\r\n<br><br><br>\r\n\r\n<span class=\"txt_fl_small\"> [ auswahl 01 ] <\/span>\r\n\r\n\r\n\r\n<br><br>\r\n\r\n<span class=\"txt_fl_italic\">\r\n\r\nfotografie analog <br>\r\n\r\n\r\n<\/span>\r\n\r\n<br><br>\r\n\r\n\r\n\r\n\r\nVon der manuellen Filmentwicklung bis hin zur ausgewogenen Vermengung der Chemikalien f\u00fcr den ad\u00e4quaten Papierentwickler.<br>\r\n\r\nIn der Klasse von Professor Heinrich Riebesehl wurde au\u00dfer der Motivwahl auch besonderes auf die n\u00f6tige Kompetenz in der Dunkelheit des Fotolabors geachtet.  \r\n\r\n\r\n\r\n<span class=\"txt_fl_italic\">\r\n\r\n\r\n\r\n<\/span>\r\n\r\n\r\n<br><br>\r\n<span class=\"txt_fl_small\">\r\n\r\n\r\naufnahmen und entwicklung - marek szenk\r\n\r\n\r\n\r\n\r\n\r\n<\/span>\r\n\r\n\r\n\r\n<\/div>\r\n\r\n\r\n<\/div><!-- <images-description-text> -->\n<div class ='plugIn-addition-content' ><!-- <plugIn-addition-content> -->\n<\/div><!-- <plugIn-addition-content> -->\n<div class ='pre-anker-to-top-space' ><\/div><!-- <pre-anker-to-top-space> -->\n\n\t\t<div class ='anker-to-top' >\n<div id ='image-info-arrow' class ='image-info-arrow-open-3'>\n\n\n\t<svg class ='icon icon-folder-open' aria-hidden='true' role='img'> <use href='#icon-angle-down' xlink:href='#icon-angle-down'><\/use> <\/svg><span class='screen-reader-text'>open<\/span>\n\n\t<\/div>  <!-- <image-info-arrow-open> -->\n\n\t\t<div class ='anker-to-top-innen' >\n\t\ttop :\n\n\t\t<\/div><!-- <anker-to-top-innen> -->\n\n\n\t\t<\/div><!-- <anker-to-top> -->\n\n\n\n<\/div> <!-- <output____wrap> --> \n\n\n\n\n<!-- rendered at 13.04.2026-12:56:37 _____________________________________________________________________ -->\n<!-- _____________________________-------------------[ END ]--------------------_____________________________ -->\n<!-- =============================== [  ms_plugIn_ext_DB_syn \u00a9 marek szenk  ] =============================== -->\n<!-- =============================== [  ----------------------------------  ] =============================== -->\n\n\n<div class='TEXT__ms___WP_CONTENT_for_search_only' ><!-- <wp-tbl-txt-for-search-only-ms-plugIn> -->\n \ndivers_01 1994 [ auswahl 01 ] fotografie analog Von der manuellen Filmentwicklung bis hin zur ausgewogenen Vermengung der Chemikalien f\u00fcr den ad\u00e4quaten Papierentwickler. In der Klasse von Professor Heinrich Riebesehl wurde au\u00dfer der Motivwahl auch besonderes auf die n\u00f6tige Kompetenz in der Dunkelheit des Fotolabors geachtet. aufnahmen und entwicklung &#8211; marek szenk\nwerk\/divers\/photo_01\/divers_01\/ 01. [ exp_001 ] 1994 fotografie analog 19 x 29 cm 02. [ exp_002 ] 19 x 29 cm 03. [ exp_003 ] 04. [ exp_004 ] 05. [ exp_005 ] 06. [ exp_006 ]\n\n <\/div><!-- <wp-tbl-txt-for-search-only-ms-plugIn> -->\n\n","protected":false},"excerpt":{"rendered":"<p>fotografie analog [ auswahl ] 1994 &nbsp; divers_01 1994 [ auswahl 01 ] fotografie analog Von der manuellen Filmentwicklung bis hin zur ausgewogenen Vermengung der Chemikalien f\u00fcr den ad\u00e4quaten Papierentwickler. In der Klasse von Professor Heinrich Riebesehl wurde au\u00dfer der Motivwahl auch besonderes auf die n\u00f6tige Kompetenz in der Dunkelheit des Fotolabors geachtet. aufnahmen und &hellip; <\/p>\n<p class=\"link-more\"><a href=\"https:\/\/www.szenk.de\/sm__\/werk\/archiv\/photo-divers-01\/\" class=\"more-link\"><span class=\"screen-reader-text\">\u201ephoto divers 1994\u201c<\/span> weiterlesen<\/a><\/p>\n","protected":false},"author":1,"featured_media":0,"parent":381,"menu_order":0,"comment_status":"closed","ping_status":"closed","template":"","meta":{"footnotes":""},"class_list":["post-413","page","type-page","status-publish","hentry"],"_links":{"self":[{"href":"https:\/\/www.szenk.de\/sm__\/wp-json\/wp\/v2\/pages\/413","targetHints":{"allow":["GET"]}}],"collection":[{"href":"https:\/\/www.szenk.de\/sm__\/wp-json\/wp\/v2\/pages"}],"about":[{"href":"https:\/\/www.szenk.de\/sm__\/wp-json\/wp\/v2\/types\/page"}],"author":[{"embeddable":true,"href":"https:\/\/www.szenk.de\/sm__\/wp-json\/wp\/v2\/users\/1"}],"replies":[{"embeddable":true,"href":"https:\/\/www.szenk.de\/sm__\/wp-json\/wp\/v2\/comments?post=413"}],"version-history":[{"count":3,"href":"https:\/\/www.szenk.de\/sm__\/wp-json\/wp\/v2\/pages\/413\/revisions"}],"predecessor-version":[{"id":2384,"href":"https:\/\/www.szenk.de\/sm__\/wp-json\/wp\/v2\/pages\/413\/revisions\/2384"}],"up":[{"embeddable":true,"href":"https:\/\/www.szenk.de\/sm__\/wp-json\/wp\/v2\/pages\/381"}],"wp:attachment":[{"href":"https:\/\/www.szenk.de\/sm__\/wp-json\/wp\/v2\/media?parent=413"}],"curies":[{"name":"wp","href":"https:\/\/api.w.org\/{rel}","templated":true}]}}