{"id":480,"date":"2018-04-10T15:43:43","date_gmt":"2018-04-10T13:43:43","guid":{"rendered":"https:\/\/www.szenk.de\/sm__\/?page_id=480"},"modified":"2020-01-05T07:15:46","modified_gmt":"2020-01-05T06:15:46","slug":"disclaimer","status":"publish","type":"page","link":"https:\/\/www.szenk.de\/sm__\/disclaimer\/","title":{"rendered":"impressum &#038; datenschutz"},"content":{"rendered":"\n<link rel='stylesheet' id='ms_style_1'  href='https:\/\/www.szenk.de\/sm__\/wp-content\/plugins\/ms_plugIn_ext_DB_syn\/__ms_plugIn_ext_DB_syn_front_END\/res\/css\/wp_plugIn_ext_DB_syn__css.css' type='text\/css' media='all' \/>\n\n<div class=\"single_extra_site_wrap\"><img loading=\"lazy\" decoding=\"async\" class=\"alignnone size-full wp-image-1856\" src=\"https:\/\/www.szenk.de\/sm__\/wp-content\/uploads\/2020\/01\/marek_szenk__001_web_2.png\" alt=\"marek szenk\" width=\"920\" height=\"511\">\n<div class=\"single_extra_site_txt_wrap\">\n<div class=\"single_extra_txt_by_opacity_HG\">\n<div class=\"ms_H____abs_05____\">&nbsp;<\/div>\n<div class=\"tx1_center_impressium_adres\"><a href=\"https:\/\/www.szenk.de\/sm__\/kontakt\"><br>\n<div class=\"ms_H____abs_01____\">&nbsp;<\/div>\n<div class=\"ms_H____abs_01____\">&nbsp;<\/div>\nMarek Szenk<br>\nR\u00f6ttgerstr. 25<br>\n30451 Hannover<br>\n<\/a><\/div>\n<div class=\"ms_H____abs_01____\">&nbsp;<\/div>\n<div class=\"ms_H____abs_01____\">&nbsp;<\/div>\n\n\n\n\n<!-- ms shortcode ITEM -->\n\n<div class='ms_kontakt_in_impressium_icon'>\n\n\n<a href='https:\/\/www.szenk.de\/sm__\/kontakt'>\n<div id = 'ms_social_icons' class = 'ms_social_icons'>\n<svg class='icon icon-envelope-o' aria-hidden='true' role='img'> <use href='#icon-envelope-o' xlink:href='#icon-envelope-o'><\/use> <\/svg>\n<span class='screen-reader-text'>open<\/span>\n<\/div>\n<\/a>\n<\/div>\n\n<!-- ms shortcode ITEM end -->\n\n\n<div class=\"ms_H____abs_01____\">&nbsp;<\/div>\n<div class=\"ms_H____abs_01____\">&nbsp;<\/div>\n<div class=\"ms_H____abs_01____\">&nbsp;<\/div>\n<div class=\"ms_H____abs_01____\">&nbsp;<\/div>\n<div class=\"ms_H____abs_01____\">&nbsp;<\/div>\n<div class=\"ms_H____abs_01____\">&nbsp;<\/div>\n<div class=\"ms_H____abs_01____\">&nbsp;<\/div>\n<div class=\"ms_H____abs_01____\">&nbsp;<\/div>\n<spam class=\"txt_fl_italic\">\nHaftung f\u00fcr Inhalte\n<\/spam>\n<div class=\"ms_H____abs_01____\">&nbsp;<\/div>\nDie auf den Web-Seiten abrufbaren Beitr\u00e4ge dienen nur der allgemeinen Information und nicht der Beratung in konkreten F\u00e4llen. Wir sind bem\u00fcht, f\u00fcr die Richtigkeit und Aktualit\u00e4t aller auf der Website enthaltenen Informationen und Daten gem\u00e4\u00df \u00a7 7 Abs.1 TMG zu sorgen. F\u00fcr die Korrektheit, die Vollst\u00e4ndigkeit, die Aktualit\u00e4t oder Qualit\u00e4t der bereitgestellten Informationen und Daten wird jedoch keine Gew\u00e4hr nach \u00a7 8 bis 10 TMG \u00fcbernommen. Die Haftung f\u00fcr den Inhalt der abrufbaren Informationen wird ausgeschlossen, soweit es sich nicht um vors\u00e4tzliche oder grob fahrl\u00e4ssige Falschinformation handelt. Verpflichtungen zur Entfernung oder Sperrung der Nutzung von Informationen nach den allgemeinen Gesetzen bleiben hiervon unber\u00fchrt. Eine diesbez\u00fcgliche Haftung ist jedoch erst ab dem Zeitpunkt der Kenntnis einer konkreten Rechtsverletzung m\u00f6glich. Bei Bekanntwerden von entsprechenden Rechtsverletzungen werden wir diese Inhalte umgehend entfernen.\n<div class=\"ms_H____abs_01____\">&nbsp;<\/div>\n<div class=\"ms_H____abs_01____\">&nbsp;<\/div>\n<div class=\"ms_H____abs_01____\">&nbsp;<\/div>\n<spam class=\"txt_fl_italic\">\nHaftung f\u00fcr Links\n<\/spam>\n<div class=\"ms_H____abs_01____\">&nbsp;<\/div>\nWir sind f\u00fcr den Inhalt von Webseiten, die \u00fcber einen Hyperlink erreicht werden, nicht verantwortlich. F\u00fcr den Inhalt der verlinkten Seiten sind ausschlie\u00dflich deren Betreiber verantwortlich. Wir machen uns die Inhalte dieser Internetseiten ausdr\u00fccklich nicht zu eigen und k\u00f6nnen deshalb f\u00fcr die inhaltliche Korrektheit, Vollst\u00e4ndigkeit und Verf\u00fcgbarkeit keine Gew\u00e4hr leisten. Wir haben bei der erstmaligen Verkn\u00fcpfung zwar den fremden Inhalt daraufhin \u00fcberpr\u00fcft, ob durch ihn eine m\u00f6gliche zivilrechtliche oder strafrechtliche Verantwortlichkeit ausgel\u00f6st wird. Wir sind aber nicht dazu verpflichtet, die Inhalte, auf die wir unserem Angebot verweisen, st\u00e4ndig auf Ver\u00e4nderungen zu \u00fcberpr\u00fcfen, die eine Verantwortlichkeit neu begr\u00fcnden k\u00f6nnten. Erst wenn wir feststellen oder von anderen darauf hingewiesen werden, dass ein konkretes Angebot, zu dem wir einen Link bereitgestellt haben, eine zivil- oder strafrechtliche Verantwortlichkeit ausl\u00f6st, werden wir den Verweis auf dieses Angebot aufheben, soweit uns dies technisch m\u00f6glich und zumutbar ist.\n<div class=\"ms_H____abs_01____\">&nbsp;<\/div>\n<div class=\"ms_H____abs_01____\">&nbsp;<\/div>\n<div class=\"ms_H____abs_01____\">&nbsp;<\/div>\n<spam class=\"txt_fl_italic\">\nUrheberrecht\n<\/spam>\n<div class=\"ms_H____abs_01____\">&nbsp;<\/div>\nDie durch den Betreiber dieser Seite erstellten Inhalte und Werke auf diesen Webseiten unterliegen dem deutschen Urheberrecht. S\u00e4mtliche Beitr\u00e4ge Dritter sind als solche gekennzeichnet. Die Vervielf\u00e4ltigung, Bearbeitung, Verbreitung und jede Art der Verwertung au\u00dferhalb der Grenzen des Urheberrechts bed\u00fcrfen der schriftlichen Zustimmung des jeweiligen Autors bzw. Erstellers. Kopien von diesen Seiten sind nur f\u00fcr den privaten Bereich gestattet, nicht jedoch f\u00fcr kommerzielle Zwecke.\n<div class=\"ms_H____abs_01____\">&nbsp;<\/div>\n<div class=\"ms_H____abs_01____\">&nbsp;<\/div>\n<div class=\"ms_H____abs_01____\">&nbsp;<\/div>\n<spam class=\"txt_fl_italic\">\nDatenschutz\n<\/spam>\n<div class=\"ms_H____abs_01____\">&nbsp;<\/div>\nDie Nutzung unserer Webseite ist in der Regel ohne Angabe personenbezogener Daten m\u00f6glich. Soweit auf unseren Seiten personenbezogene Daten (beispielsweise Name, Anschrift oder E-Mail-Adressen) erhoben werden, erfolgt dies, soweit m\u00f6glich, stets auf freiwilliger Basis. Diese Daten werden ohne Ihre ausdr\u00fcckliche Zustimmung nicht an Dritte weitergegeben.\n<div class=\"ms_H____abs_01____\">&nbsp;<\/div>\nIn Verbindung mit Ihrem Zugriff werden in unserem Server f\u00fcr Zwecke der Datensicherheit vor\u00fcbergehend Daten gespeichert, die m\u00f6glicherweise eine Identifizierung zulassen (zum Beispiel IP-Adresse, Datum, Uhrzeit und Name der angeforderten Datei). Eine Auswertung, mit Ausnahme f\u00fcr statistische Zwecke in anonymisierter Form, erfolgt nicht.\n<div class=\"ms_H____abs_01____\">&nbsp;<\/div>\nSollten Sie bei uns Informationsmaterialien bestellen, ben\u00f6tigen wir von Ihnen Name, E-Mail-Adresse sowie Angaben zur Lieferung und Rechnungsstellung. So k\u00f6nnen wir Ihre Bestellung bearbeiten und ausf\u00fchren. Diese Daten werden f\u00fcr die Dauer der Auftragsabwicklung in elektronischer Form gespeichert. Eine weitergehende Nutzung personenbezogener Daten oder eine Weitergabe an Dritte erfolgt ohne Ihre ausdr\u00fcckliche Einwilligung nicht.\n<div class=\"ms_H____abs_01____\">&nbsp;<\/div>\nMit der Bestellung willigen Sie in die genannte Verarbeitung Ihrer personenbezogenen Daten ein, soweit dies f\u00fcr den Zweck des Vertrages erforderlich ist. Sie k\u00f6nnen diese Einwilligung schriftlich oder per E-Mail uns gegen\u00fcber jederzeit mit Wirkung f\u00fcr die Zukunft widerrufen.\n<div class=\"ms_H____abs_01____\">&nbsp;<\/div>\n<div class=\"ms_H____abs_01____\">&nbsp;<\/div>\n<div class=\"ms_H____abs_01____\">&nbsp;<\/div>\n<spam class=\"txt_fl_italic\">\nDatenschutzerkl\u00e4rung f\u00fcr die Nutzung von Facebook-Plugins (Like-Button)\n<\/spam>\n<div class=\"ms_H____abs_01____\">&nbsp;<\/div>\nAuf unseren Seiten sind Plugins des sozialen Netzwerks Facebook, 1601 South California Avenue, Palo Alto, CA 94304, USA integriert. Die Facebook-Plugins erkennen Sie an dem Facebook-Logo oder dem &#8222;Like-Button&#8220; (&#8222;Gef\u00e4llt mir&#8220;) auf unserer Seite. Eine \u00dcbersicht \u00fcber die Facebook-Plugins finden Sie hier: http:\/\/developers.facebook.com\/docs\/plugins\/. Wenn Sie unsere Seiten besuchen, wird \u00fcber das Plugin eine direkte Verbindung zwischen Ihrem Browser und dem Facebook-Server hergestellt. Facebook erh\u00e4lt dadurch die Information, dass Sie mit Ihrer IP-Adresse unsere Seite besucht haben.\n<div class=\"ms_H____abs_01____\">&nbsp;<\/div>\nWenn Sie den Facebook &#8222;Like-Button&#8220; anklicken w\u00e4hrend Sie in Ihrem Facebook-Account eingeloggt sind, k\u00f6nnen Sie die Inhalte unserer Seiten auf Ihrem Facebook-Profil verlinken. Dadurch kann Facebook den Besuch unserer Seiten Ihrem Benutzerkonto zuordnen. Wir weisen darauf hin, dass wir als Anbieter der Seiten keine Kenntnis vom Inhalt der \u00fcbermittelten Daten sowie deren Nutzung durch Facebook erhalten. Weitere Informationen hierzu finden Sie in der Datenschutzerkl\u00e4rung von facebook unter http:\/\/de-de.facebook.com\/policy.php Wenn Sie nicht w\u00fcnschen, dass Facebook den Besuch unserer Seiten Ihrem Facebook-Nutzerkonto zuordnen kann, loggen Sie sich bitte aus Ihrem Facebook-Benutzerkonto aus.\n<div class=\"ms_H____abs_01____\">&nbsp;<\/div>\n<div class=\"ms_H____abs_01____\">&nbsp;<\/div>\n<div class=\"ms_H____abs_01____\">&nbsp;<\/div>\n<spam class=\"txt_fl_italic\">\nDatenschutzerkl\u00e4rung f\u00fcr die Nutzung von Twitter\n<\/spam>\n<div class=\"ms_H____abs_01____\">&nbsp;<\/div>\nAuf unseren Seiten sind Funktionen des Dienstes Twitter eingebunden. Diese Funktionen werden angeboten durch die Twitter Inc., 795 Folsom St., Suite 600, San Francisco, CA 94107, USA. Durch das Benutzen von Twitter und der Funktion &#8222;Re-Tweet&#8220; werden die von Ihnen besuchten Webseiten mit Ihrem Twitter-Account verkn\u00fcpft und anderen Nutzern bekannt gegeben. Dabei werden auch Daten an Twitter \u00fcbertragen.\n<div class=\"ms_H____abs_01____\">&nbsp;<\/div>\nWir weisen darauf hin, dass wir als Anbieter der Seiten keine Kenntnis vom Inhalt der \u00fcbermittelten Daten sowie deren Nutzung durch Twitter erhalten. Weitere Informationen hierzu finden Sie in der Datenschutzerkl\u00e4rung von Twitter unter http:\/\/twitter.com\/privacy.\n<div class=\"ms_H____abs_01____\">&nbsp;<\/div>\nIhre Datenschutzeinstellungen bei Twitter k\u00f6nnen Sie in den Konto-Einstellungen unter http:\/\/twitter.com\/account\/settings \u00e4ndern.\n<div class=\"ms_H____abs_01____\">&nbsp;<\/div>\n<div class=\"ms_H____abs_01____\">&nbsp;<\/div>\n<div class=\"ms_H____abs_01____\">&nbsp;<\/div>\n<spam class=\"txt_fl_italic\">\nDatenschutzerkl\u00e4rung f\u00fcr die Nutzung von Google +1\n<\/spam>\n<div class=\"ms_H____abs_01____\">&nbsp;<\/div>\nErfassung und Weitergabe von Informationen:\n<div class=\"ms_H____abs_01____\">&nbsp;<\/div>\nMithilfe der Google +1-Schaltfl\u00e4che k\u00f6nnen Sie Informationen weltweit ver\u00f6ffentlichen. \u00dcber die Google +1-Schaltfl\u00e4che erhalten Sie und andere Nutzer personalisierte Inhalte von Google und unseren Partnern. Google speichert sowohl die Information, dass Sie f\u00fcr einen Inhalt +1 gegeben haben, als auch Informationen \u00fcber die Seite, die Sie beim Klicken auf +1 angesehen haben. Ihre +1 k\u00f6nnen als Hinweise zusammen mit Ihrem Profilnamen und Ihrem Foto in Google-Diensten, wie etwa in Suchergebnissen oder in Ihrem Google-Profil, oder an anderen Stellen auf Websites und Anzeigen im Internet eingeblendet werden. Google zeichnet Informationen \u00fcber Ihre +1-Aktivit\u00e4ten auf, um die Google-Dienste f\u00fcr Sie und andere zu verbessern.\n<div class=\"ms_H____abs_01____\">&nbsp;<\/div>\nUm die Google +1-Schaltfl\u00e4che verwenden zu k\u00f6nnen, ben\u00f6tigen Sie ein weltweit sichtbares, \u00f6ffentliches Google-Profil, das zumindest den f\u00fcr das Profil gew\u00e4hlten Namen enthalten muss. Dieser Name wird in allen Google-Diensten verwendet. In manchen F\u00e4llen kann dieser Name auch einen anderen Namen ersetzen, den Sie beim Teilen von Inhalten \u00fcber Ihr Google-Konto verwendet haben. Die Identit\u00e4t Ihres Google-Profils kann Nutzern angezeigt werden, die Ihre E-Mail-Adresse kennen oder \u00fcber andere identifizierende Informationen von Ihnen verf\u00fcgen.\n<div class=\"ms_H____abs_01____\">&nbsp;<\/div>\nVerwendung der erfassten Informationen:\n<div class=\"ms_H____abs_01____\">&nbsp;<\/div>\nNeben den oben erl\u00e4uterten Verwendungszwecken werden die von Ihnen bereitgestellten Informationen gem\u00e4\u00df den geltenden Google-Datenschutzbestimmungen genutzt. Google ver\u00f6ffentlicht m\u00f6glicherweise zusammengefasste Statistiken \u00fcber die +1-Aktivit\u00e4ten der Nutzer bzw. gibt diese an Nutzer und Partner weiter, wie etwa Publisher, Inserenten oder verbundene Websites.\n<div class=\"ms_H____abs_01____\">&nbsp;<\/div>\n<div class=\"ms_H____abs_01____\">&nbsp;<\/div>\n<div class=\"ms_H____abs_01____\">&nbsp;<\/div>\n<spam class=\"txt_fl_italic\">\nDatenschutzerkl\u00e4rung f\u00fcr die Nutzung von Google Adsense\n<\/spam>\n<div class=\"ms_H____abs_01____\">&nbsp;<\/div>\nDiese Website benutzt Google AdSense, einen Dienst zum Einbinden von Werbeanzeigen der Google Inc. (&#8222;Google&#8220;). Google AdSense verwendet sog. &#8222;Cookies&#8220;, Textdateien, die auf Ihrem Computer gespeichert werden und die eine Analyse der Benutzung der Website erm\u00f6glicht. Google AdSense verwendet auch so genannte Web Beacons (unsichtbare Grafiken). Durch diese Web Beacons k\u00f6nnen Informationen wie der Besucherverkehr auf diesen Seiten ausgewertet werden. Die durch Cookies und Web Beacons erzeugten Informationen \u00fcber die Benutzung dieser Website (einschlie\u00dflich Ihrer IP-Adresse) und Auslieferung von Werbeformaten werden an einen Server von Google in den USA \u00fcbertragen und dort gespeichert.\n<div class=\"ms_H____abs_01____\">&nbsp;<\/div>\nDiese Informationen k\u00f6nnen von Google an Vertragspartner von Google weiter gegeben werden. Google wird Ihre IP-Adresse jedoch nicht mit anderen von Ihnen gespeicherten Daten zusammenf\u00fchren. Sie k\u00f6nnen die Installation der Cookies durch eine entsprechende Einstellung Ihrer Browser Software verhindern; wir weisen Sie jedoch darauf hin, dass Sie in diesem Fall gegebenenfalls nicht s\u00e4mtliche Funktionen dieser Website voll umf\u00e4nglich nutzen k\u00f6nnen. Durch die Nutzung dieser Website erkl\u00e4ren Sie sich mit der Bearbeitung der \u00fcber Sie erhobenen Daten durch Google in der zuvor beschriebenen Art und Weise und zu dem zuvor benannten Zweck einverstanden.\n<div class=\"ms_H____abs_01____\">&nbsp;<\/div>\n<div class=\"ms_H____abs_01____\">&nbsp;<\/div>\n<div class=\"ms_H____abs_01____\">&nbsp;<\/div>\n<spam class=\"txt_fl_italic\">\nDatenschutzerkl\u00e4rung f\u00fcr die Nutzung von Google Analytics\n<\/spam>\n<div class=\"ms_H____abs_01____\">&nbsp;<\/div>\nDiese Website benutzt Google Analytics, einen Webanalysedienst der Google Inc. (\u201eGoogle\u201c). Google Analytics verwendet sog. \u201eCookies\u201c, Textdateien, die auf Ihrem Computer gespeichert werden und die eine Analyse der Benutzung der Website durch Sie erm\u00f6glichen. Die durch den Cookie erzeugten Informationen \u00fcber Ihre Benutzung dieser Website werden in der Regel an einen Server von Google in den USA \u00fcbertragen und dort gespeichert.\n<div class=\"ms_H____abs_01____\">&nbsp;<\/div>\nIm Falle der Aktivierung der IP-Anonymisierung auf dieser Webseite, wird Ihre IP-Adresse von Google jedoch innerhalb von Mitgliedstaaten der Europ\u00e4ischen Union oder in anderen Vertragsstaaten des Abkommens \u00fcber den Europ\u00e4ischen Wirtschaftsraum zuvor gek\u00fcrzt. Nur in Ausnahmef\u00e4llen wird die volle IP-Adresse an einen Server von Google in den USA \u00fcbertragen und dort gek\u00fcrzt. Im Auftrag des Betreibers dieser Website wird Google diese Informationen benutzen, um Ihre Nutzung der Website auszuwerten, um Reports \u00fcber die Websiteaktivit\u00e4ten zusammenzustellen und um weitere mit der Websitenutzung und der Internetnutzung verbundene Dienstleistungen gegen\u00fcber dem Websitebetreiber zu erbringenDie im Rahmen von Google Analytics von Ihrem Browser \u00fcbermittelte IP-Adresse wird nicht mit anderen Daten von Google zusammengef\u00fchrt.\n<div class=\"ms_H____abs_01____\">&nbsp;<\/div>\nSie k\u00f6nnen die Speicherung der Cookies durch eine entsprechende Einstellung Ihrer Browser-Software verhindern; wir weisen Sie jedoch darauf hin, dass Sie in diesem Fall gegebenenfalls nicht s\u00e4mtliche Funktionen dieser Website vollumf\u00e4nglich werden nutzen k\u00f6nnen. Sie k\u00f6nnen dar\u00fcber hinaus die Erfassung der durch das Cookie erzeugten und auf Ihre Nutzung der Website bezogenen Daten (inkl. Ihrer IP-Adresse) an Google sowie die Verarbeitung dieser Daten durch Google verhindern, indem sie das unter dem folgenden Link verf\u00fcgbare Browser-Plugin herunterladen und installieren http:\/\/tools.google.com\/dlpage\/gaoptout?hl=de.\n<div class=\"ms_H____abs_01____\">&nbsp;<\/div>\n<div class=\"ms_H____abs_01____\">&nbsp;<\/div>\n<div class=\"ms_H____abs_01____\">&nbsp;<\/div>\n<spam class=\"txt_fl_italic\">\nDatenschutzerkl\u00e4rung f\u00fcr die Nutzung von Google Web Fonts\n<\/spam>\n<div class=\"ms_H____abs_01____\">&nbsp;<\/div>\nZur einheitlichen Darstellung von schriftlichen Inhalten nutzt diese Webseite die von Google bereitgestellte Web Fonts. Ihr Browser l\u00e4dt beim Aufruf der Seite die ben\u00f6tigten Web Fonts in seinen Cache, um so die Texte in den Schriftarten korrekt darzustellen.\n<div class=\"ms_H____abs_01____\">&nbsp;<\/div>\nIhr Browser nimmt Verbindung zu den Server von Google auf. Auf diese Weise erf\u00e4hrt Google, dass unsere Website \u00fcber Ihre IP-Adresse aufgerufen wurde.\n<div class=\"ms_H____abs_01____\">&nbsp;<\/div>\nUnterst\u00fctzt Ihr Browser keine Web Fonts, wendet Ihr Computer lediglich eine Standardschrift an. Weitere Informationen zu Google Web Fonts finden Sie unter https:\/\/developers.google.com\/fonts\/faq und in der Datenschutzerkl\u00e4rung von Google: https:\/\/www.google.com\/policies\/privacy\/.\n<div class=\"ms_H____abs_01____\">&nbsp;<\/div>\n<\/div>\n<\/div>\n<\/div>\n\n\n<script type='text\/javascript' language='Javascript' src='https:\/\/www.szenk.de\/sm__\/wp-content\/plugins\/ms_plugIn_ext_DB_syn\/__ms_plugIn_ext_DB_syn_front_END\/res\/j\/ms__.js'><\/script>\n\n \n <script>\t\t\t\t\t\t\nms__.ms_by_click_scroll_to_top_001 ( '.anker-to-top-wrap-in-sc',  1400);\t\t\t\n\t\t \n <\/script> \n<div class ='pre-anker-to-top-space' ><\/div><!-- <pre-anker-to-top-space> -->\n\n\t<div class ='anker-to-top-wrap-in-sc' >\n\n\t<div class ='anker-to-top' >\n<div id ='image-info-arrow' class ='image-info-arrow-open-3'>\n\n\t<svg class ='icon icon-folder-open' aria-hidden='true' role='img'> <use href='#icon-angle-down' xlink:href='#icon-angle-down'><\/use> <\/svg><span class='screen-reader-text'>open<\/span>\n\n\t<\/div>  <!-- <image-info-arrow-open> -->\n\n\t<div class ='anker-to-top-innen' >\n\ttop : \n\n\t<\/div><!-- <anker-to-top-innen> -->\n\n\t<\/div><!-- <anker-to-top> -->\n\n\n\t<\/div><!-- <anker-to-top-wrap-in-sc> -->\n","protected":false},"excerpt":{"rendered":"<p>&nbsp; &nbsp; &nbsp; Marek Szenk R\u00f6ttgerstr. 25 30451 Hannover &nbsp; &nbsp; &nbsp; &nbsp; &nbsp; &nbsp; &nbsp; &nbsp; &nbsp; &nbsp; Haftung f\u00fcr Inhalte &nbsp; Die auf den Web-Seiten abrufbaren Beitr\u00e4ge dienen nur der allgemeinen Information und nicht der Beratung in konkreten F\u00e4llen. Wir sind bem\u00fcht, f\u00fcr die Richtigkeit und Aktualit\u00e4t aller auf der Website enthaltenen Informationen &hellip; <\/p>\n<p class=\"link-more\"><a href=\"https:\/\/www.szenk.de\/sm__\/disclaimer\/\" class=\"more-link\"><span class=\"screen-reader-text\">\u201eimpressum &#038; datenschutz\u201c<\/span> weiterlesen<\/a><\/p>\n","protected":false},"author":1,"featured_media":0,"parent":0,"menu_order":0,"comment_status":"closed","ping_status":"closed","template":"","meta":{"footnotes":""},"class_list":["post-480","page","type-page","status-publish","hentry"],"_links":{"self":[{"href":"https:\/\/www.szenk.de\/sm__\/wp-json\/wp\/v2\/pages\/480","targetHints":{"allow":["GET"]}}],"collection":[{"href":"https:\/\/www.szenk.de\/sm__\/wp-json\/wp\/v2\/pages"}],"about":[{"href":"https:\/\/www.szenk.de\/sm__\/wp-json\/wp\/v2\/types\/page"}],"author":[{"embeddable":true,"href":"https:\/\/www.szenk.de\/sm__\/wp-json\/wp\/v2\/users\/1"}],"replies":[{"embeddable":true,"href":"https:\/\/www.szenk.de\/sm__\/wp-json\/wp\/v2\/comments?post=480"}],"version-history":[{"count":3,"href":"https:\/\/www.szenk.de\/sm__\/wp-json\/wp\/v2\/pages\/480\/revisions"}],"predecessor-version":[{"id":2844,"href":"https:\/\/www.szenk.de\/sm__\/wp-json\/wp\/v2\/pages\/480\/revisions\/2844"}],"wp:attachment":[{"href":"https:\/\/www.szenk.de\/sm__\/wp-json\/wp\/v2\/media?parent=480"}],"curies":[{"name":"wp","href":"https:\/\/api.w.org\/{rel}","templated":true}]}}