{"id":576,"date":"2018-04-12T00:32:09","date_gmt":"2018-04-11T22:32:09","guid":{"rendered":"https:\/\/www.szenk.de\/sm__\/?page_id=576"},"modified":"2020-12-02T03:59:34","modified_gmt":"2020-12-02T02:59:34","slug":"body-2004","status":"publish","type":"page","link":"https:\/\/www.szenk.de\/sm__\/werk\/divers\/raum-2005\/body-2004\/","title":{"rendered":"body 2004"},"content":{"rendered":"\n<link rel='stylesheet' id='ms_style_1'  href='https:\/\/www.szenk.de\/sm__\/wp-content\/plugins\/ms_plugIn_ext_DB_syn\/__ms_plugIn_ext_DB_syn_front_END\/res\/css\/wp_plugIn_ext_DB_syn__css.css' type='text\/css' media='all' \/>\n\n\n\n\n\n<div class=\"txt_seiten_titel_info\">multi video sound channel<br>real time rendering &#8211; IT system project<p><\/p>\n<div class=\"txt_seiten_titel_info_italic\"> <\/div>\n<div class=\"txt_seiten_titel_info_after\">[ room situation ]<\/div>\n<\/div>\n\n\n\n<div class=\"ms_video_wrap\">\n<div style=\"width: 525px;\" class=\"wp-video\"><!--[if lt IE 9]><script>document.createElement('video');<\/script><![endif]-->\n<video class=\"wp-video-shortcode\" id=\"video-576-1\" width=\"525\" height=\"295\" poster=\"https:\/\/www.szenk.de\/sm__\/wp-content\/uploads\/2018\/04\/marek_szenk_body.jpg\" preload=\"metadata\" controls=\"controls\"><source type=\"video\/mp4\" src=\"https:\/\/www.szenk.de\/sm__\/wp-content\/uploads\/2018\/04\/marek_szenk_body.m4v?_=1\" \/><a href=\"https:\/\/www.szenk.de\/sm__\/wp-content\/uploads\/2018\/04\/marek_szenk_body.m4v\">https:\/\/www.szenk.de\/sm__\/wp-content\/uploads\/2018\/04\/marek_szenk_body.m4v<\/a><\/video><\/div>\n<\/div>\n\n\n\n<div class=\"item-description-text\">\n<div class=\"fl_txt\">\n<div class=\"txt_fl_title\">&nbsp;<\/div>\n<div class=\"txt_fl_small\">&nbsp;<\/div>\n<div class=\"ms_H____abs_05____\">&nbsp;<\/div>\n<div class=\"txt_fl_italic\">[ (&#8230;) er legte die Kleider ab, ging zum Spiegel und verharrte sinnend eine Weile. ]<\/div>\n<div class=\"ms_H____abs_05____\">&nbsp;<\/div>\n\n\nIn dem Situationsmodell wird eine Art des ununterbrochenen Untersuchungs- und Auswertungsprozesses generiert.\n<div class=\"ms_H____abs_02____\">&nbsp;<\/div>\n<div class=\"txt_fl_italic\">\nDies bezieht sich \u2013 hier sichtbar \u2013 speziell auf die physikalische Beschaffenheit eines Individuums.\n<\/div>\n<div class=\"ms_H____abs_02____\">&nbsp;<\/div>\nWegen den wechselhaften, chiffrierten Bereichs- und Bewertungsbezeichnungen bleibt die Ursache verborgen, offenbart wird nur die Resultatakzeptanz.\n<div class=\"ms_H____abs_02____\">&nbsp;<\/div>\nMit der Einbindung mehrerer Zufallskomponenten in die Programmierung der Arbeit ist ein Umstand geschaffen, in dem die g\u00e4nzliche Wiederholung der grafischen Darstellung w\u00e4hrend einer unbegrenzten Betriebsdauer des Programms ausgeschlossen ist.\n\n\n\n\n<div class=\"ms_H____abs_02____\">&nbsp;<\/div>\nDie Arbeit ist als eine Rauminstallation zu betrachten. F\u00fcr eine endg\u00fcltige Ausstellungssituation sind vier Projektionen in einem separaten Raum vorgesehen.\u2028Der Betrachter wird von den Projektionsebenen und den dazugeh\u00f6rigen Sounds umschlossen.\n<div class=\"ms_H____120____px\">&nbsp;<\/div>\n<div class=\"txt_small_italic\">\nBitte beachten:<br>\nDie Video-Mitschnitte der Projekte dokumentieren m\u00f6gliche Pr\u00e4sentation-Konstellationen und nicht die Ausf\u00fchrung der Echtzeit-Rendering Programme.\n<\/div>\n<div class=\"ms_H____160____px\">&nbsp;<\/div>\n<div class=\"txt_fl_small\">idee, realisation, programmierung &#8211; marek szenk<\/div>\n<\/div>\n<\/div>\n","protected":false},"excerpt":{"rendered":"<p>multi video sound channelreal time rendering &#8211; IT system project [ room situation ] &nbsp; &nbsp; &nbsp; [ (&#8230;) er legte die Kleider ab, ging zum Spiegel und verharrte sinnend eine Weile. ] &nbsp; In dem Situationsmodell wird eine Art des ununterbrochenen Untersuchungs- und Auswertungsprozesses generiert. &nbsp; Dies bezieht sich \u2013 hier sichtbar \u2013 speziell &hellip; <\/p>\n<p class=\"link-more\"><a href=\"https:\/\/www.szenk.de\/sm__\/werk\/divers\/raum-2005\/body-2004\/\" class=\"more-link\"><span class=\"screen-reader-text\">\u201ebody 2004\u201c<\/span> weiterlesen<\/a><\/p>\n","protected":false},"author":1,"featured_media":0,"parent":494,"menu_order":0,"comment_status":"closed","ping_status":"closed","template":"","meta":{"footnotes":""},"class_list":["post-576","page","type-page","status-publish","hentry"],"_links":{"self":[{"href":"https:\/\/www.szenk.de\/sm__\/wp-json\/wp\/v2\/pages\/576","targetHints":{"allow":["GET"]}}],"collection":[{"href":"https:\/\/www.szenk.de\/sm__\/wp-json\/wp\/v2\/pages"}],"about":[{"href":"https:\/\/www.szenk.de\/sm__\/wp-json\/wp\/v2\/types\/page"}],"author":[{"embeddable":true,"href":"https:\/\/www.szenk.de\/sm__\/wp-json\/wp\/v2\/users\/1"}],"replies":[{"embeddable":true,"href":"https:\/\/www.szenk.de\/sm__\/wp-json\/wp\/v2\/comments?post=576"}],"version-history":[{"count":3,"href":"https:\/\/www.szenk.de\/sm__\/wp-json\/wp\/v2\/pages\/576\/revisions"}],"predecessor-version":[{"id":3051,"href":"https:\/\/www.szenk.de\/sm__\/wp-json\/wp\/v2\/pages\/576\/revisions\/3051"}],"up":[{"embeddable":true,"href":"https:\/\/www.szenk.de\/sm__\/wp-json\/wp\/v2\/pages\/494"}],"wp:attachment":[{"href":"https:\/\/www.szenk.de\/sm__\/wp-json\/wp\/v2\/media?parent=576"}],"curies":[{"name":"wp","href":"https:\/\/api.w.org\/{rel}","templated":true}]}}