{"id":605,"date":"2018-04-12T01:28:18","date_gmt":"2018-04-11T23:28:18","guid":{"rendered":"https:\/\/www.szenk.de\/sm__\/?page_id=605"},"modified":"2020-12-02T03:20:57","modified_gmt":"2020-12-02T02:20:57","slug":"ausnahme-2001","status":"publish","type":"page","link":"https:\/\/www.szenk.de\/sm__\/werk\/divers\/raum-2001\/ausnahme-2001\/","title":{"rendered":"ausnahme 2001"},"content":{"rendered":"\n<link rel='stylesheet' id='ms_style_1'  href='https:\/\/www.szenk.de\/sm__\/wp-content\/plugins\/ms_plugIn_ext_DB_syn\/__ms_plugIn_ext_DB_syn_front_END\/res\/css\/wp_plugIn_ext_DB_syn__css.css' type='text\/css' media='all' \/>\n\n<div class=\"txt_seiten_titel_info\">multi video sound channel<br>\nreal time rendering &#8211; IT system project<p><\/p>\n<div class=\"txt_seiten_titel_info_italic\"><\/div>\n<div class=\"txt_seiten_titel_info_after\">[ room situation ]<\/div>\n<\/div>\n\n\n\n<div class=\"ms_video_wrap\">\n<div style=\"width: 525px;\" class=\"wp-video\"><!--[if lt IE 9]><script>document.createElement('video');<\/script><![endif]-->\n<video class=\"wp-video-shortcode\" id=\"video-605-1\" width=\"525\" height=\"295\" poster=\"https:\/\/www.szenk.de\/sm__\/wp-content\/uploads\/2018\/04\/marek_szenk_ausnahme.jpg\" preload=\"metadata\" controls=\"controls\"><source type=\"video\/mp4\" src=\"https:\/\/www.szenk.de\/sm__\/wp-content\/uploads\/2018\/04\/marek_szenk_ausnahme.m4v?_=1\" \/><a href=\"https:\/\/www.szenk.de\/sm__\/wp-content\/uploads\/2018\/04\/marek_szenk_ausnahme.m4v\">https:\/\/www.szenk.de\/sm__\/wp-content\/uploads\/2018\/04\/marek_szenk_ausnahme.m4v<\/a><\/video><\/div>\n<\/div>\n\n\n\n<div class=\"item-description-text\">\n<div class=\"fl_txt\">\n<div class=\"txt_fl_title\">&nbsp;<\/div>\n<div class=\"txt_fl_small\">&nbsp;<\/div>\n<div class=\"ms_H____abs_05____\">&nbsp;<\/div>\n<div class=\"txt_fl_italic\">[\u2026Er, einer spontanen Idee nachgehend, tat etwas was er nicht gewohnt war.<br> \nDurch die Unterbrechung seines Lebensrhythmus gewann er Etwas. Ermutigt, lie\u00df er sich von der urspr\u00fcnglich spontanen Idee \u00f6fters verf\u00fchren.&nbsp;\n<div class=\"ms_H____abs_02____\">&nbsp;<\/div>\nAls auch dies ein Teil seines Rhythmus wurde, verlor er das, was er anf\u00e4nglich gewann\u2026]\n<\/div>\n<div class=\"ms_H____abs_05____\">&nbsp;<\/div>\n\n\n\nDie Arbeit stellt ein fiktiven Situationsmodell dar.<br> \u2028Mehrere Video- Audio- und Textkomponenten sind in einer Informationsebene in Form einer Videoprojektion zusammengefasst.\n<div class=\"ms_H____abs_01____\">&nbsp;<\/div>\n<div class=\"txt_fl_italic\">\nDie Individuen der Screen-Sequenzen schauen sich ununterbrochen langsam um.<br> \nEs kommen Zustand-Konstellationen vor, in denen Begegnungen stattfinden. \n<\/div>\n<div class=\"ms_H____abs_01____\">&nbsp;<\/div>\n\nMittels mehrerer Programm \u2013 Routinen wurde ein System der Nacheinanderreihung der visuellen und akustischen Information konstruiert dessen wesentliche Auswahlfaktoren auf Auswertung der Zufallsgeneratoren reagiert.<br>\u2028So wird dem Programm die endlos fortdauernde Entwicklung der Model-Situation \u00fcberlassen und gleichzeitig erreicht, dass eine g\u00e4nzliche Wiederholung der grafischen und akustischen Darstellung w\u00e4hrend der unbegrenzten Betriebsdauer des Programms ausgeschlossen wird.\n<div class=\"ms_H____abs_01____\">&nbsp;<\/div>\nDie in dem Projekt zyklisch und zuf\u00e4llig erscheinenden Model-Informationen bilden eine nicht konstante Gr\u00f6\u00dfe, sie schaffen Ebenen in einer vertrauten bruchst\u00fcckhaften Dialektik, der zur Aufgabe zugesprochen wird, den Betrachter zugleich in ihren Abweichungen und ihrer Zersetzung vom Gewohnten ins Unbekannte zu entlassen.\n<div class=\"ms_H____abs_02____\">&nbsp;<\/div>\nDie Arbeit ist als eine Rauminstallation zu betrachten. F\u00fcr eine endg\u00fcltige Ausstellungssituation sind vier Projektionen in einem separaten Raum vorgesehen. \u2028Der Betrachter wird von den Projektionsebenen und den dazugeh\u00f6rigen Sounds umschlossen.\n<div class=\"ms_H____100____px\">&nbsp;\n<\/div>\nAufrichtigen Dank an Sabine f\u00fcr die Mitwirkung bei der Videoaufnahmen und allen Freunden die der eigent\u00fcmlichen Idee Verst\u00e4ndnis entgegengebracht haben.&nbsp;\n\n<div class=\"ms_H____120____px\">&nbsp;<\/div>\n\n<div class=\"txt_small_italic\">\n\nBitte beachten:<br>\u2028Die Video-Mitschnitte der Projekte dokumentieren m\u00f6gliche Pr\u00e4sentation-Konstellationen und nicht die Ausf\u00fchrung der Echtzeit-Rendering Programme.\n\n\n<\/div>\n<div class=\"ms_H____160____px\">&nbsp;<\/div>\n\n<div class=\"txt_fl_small\">idee, realisation, programmierung \u2013 marek szenk<\/div>\n<\/div>\n<\/div>\n\n\n\n<p><\/p>\n","protected":false},"excerpt":{"rendered":"<p>multi video sound channel real time rendering &#8211; IT system project [ room situation ] &nbsp; &nbsp; &nbsp; [\u2026Er, einer spontanen Idee nachgehend, tat etwas was er nicht gewohnt war. Durch die Unterbrechung seines Lebensrhythmus gewann er Etwas. Ermutigt, lie\u00df er sich von der urspr\u00fcnglich spontanen Idee \u00f6fters verf\u00fchren.&nbsp; &nbsp; Als auch dies ein Teil &hellip; <\/p>\n<p class=\"link-more\"><a href=\"https:\/\/www.szenk.de\/sm__\/werk\/divers\/raum-2001\/ausnahme-2001\/\" class=\"more-link\"><span class=\"screen-reader-text\">\u201eausnahme 2001\u201c<\/span> weiterlesen<\/a><\/p>\n","protected":false},"author":1,"featured_media":0,"parent":594,"menu_order":0,"comment_status":"closed","ping_status":"closed","template":"","meta":{"footnotes":""},"class_list":["post-605","page","type-page","status-publish","hentry"],"_links":{"self":[{"href":"https:\/\/www.szenk.de\/sm__\/wp-json\/wp\/v2\/pages\/605","targetHints":{"allow":["GET"]}}],"collection":[{"href":"https:\/\/www.szenk.de\/sm__\/wp-json\/wp\/v2\/pages"}],"about":[{"href":"https:\/\/www.szenk.de\/sm__\/wp-json\/wp\/v2\/types\/page"}],"author":[{"embeddable":true,"href":"https:\/\/www.szenk.de\/sm__\/wp-json\/wp\/v2\/users\/1"}],"replies":[{"embeddable":true,"href":"https:\/\/www.szenk.de\/sm__\/wp-json\/wp\/v2\/comments?post=605"}],"version-history":[{"count":3,"href":"https:\/\/www.szenk.de\/sm__\/wp-json\/wp\/v2\/pages\/605\/revisions"}],"predecessor-version":[{"id":3042,"href":"https:\/\/www.szenk.de\/sm__\/wp-json\/wp\/v2\/pages\/605\/revisions\/3042"}],"up":[{"embeddable":true,"href":"https:\/\/www.szenk.de\/sm__\/wp-json\/wp\/v2\/pages\/594"}],"wp:attachment":[{"href":"https:\/\/www.szenk.de\/sm__\/wp-json\/wp\/v2\/media?parent=605"}],"curies":[{"name":"wp","href":"https:\/\/api.w.org\/{rel}","templated":true}]}}