{"id":612,"date":"2018-04-12T01:35:50","date_gmt":"2018-04-11T23:35:50","guid":{"rendered":"https:\/\/www.szenk.de\/sm__\/?page_id=612"},"modified":"2020-12-02T21:13:12","modified_gmt":"2020-12-02T20:13:12","slug":"fassade-2000","status":"publish","type":"page","link":"https:\/\/www.szenk.de\/sm__\/werk\/divers\/raum-2001\/fassade-2000\/","title":{"rendered":"fassade 2000"},"content":{"rendered":"\n<link rel='stylesheet' id='ms_style_1'  href='https:\/\/www.szenk.de\/sm__\/wp-content\/plugins\/ms_plugIn_ext_DB_syn\/__ms_plugIn_ext_DB_syn_front_END\/res\/css\/wp_plugIn_ext_DB_syn__css.css' type='text\/css' media='all' \/>\n\n<div class=\"txt_seiten_titel_info\">multi video sound channel<br>\nreal time rendering &#8211; IT system project<p><\/p>\n<div class=\"txt_seiten_titel_info_italic\"><\/div>\n<div class=\"txt_seiten_titel_info_after\">[ room situation ]<\/div>\n<\/div>\n\n\n\n<div class=\"ms_video_wrap\">\n<div style=\"width: 525px;\" class=\"wp-video\"><!--[if lt IE 9]><script>document.createElement('video');<\/script><![endif]-->\n<video class=\"wp-video-shortcode\" id=\"video-612-1\" width=\"525\" height=\"295\" poster=\"https:\/\/www.szenk.de\/sm__\/wp-content\/uploads\/2018\/04\/marek_szenk_fassade_2000.jpg\" preload=\"metadata\" controls=\"controls\"><source type=\"video\/mp4\" src=\"https:\/\/www.szenk.de\/sm__\/wp-content\/uploads\/2018\/04\/marek_szenk_fassade_2000.m4v?_=1\" \/><a href=\"https:\/\/www.szenk.de\/sm__\/wp-content\/uploads\/2018\/04\/marek_szenk_fassade_2000.m4v\">https:\/\/www.szenk.de\/sm__\/wp-content\/uploads\/2018\/04\/marek_szenk_fassade_2000.m4v<\/a><\/video><\/div>\n<\/div>\n\n\n\n<div class=\"item-description-text\">\n<div class=\"fl_txt\">\n<div class=\"txt_fl_title\">&nbsp;<\/div>\n<div class=\"txt_fl_small\">&nbsp;<\/div>\n<div class=\"ms_H____abs_05____\">&nbsp;<\/div>\n\n\n\n<div class=\"txt_fl_italic\">\n[ \u2026Dem Mann wurde ein Abbild eines tristen Ereignisses vorgetragen.<br>\nVervielfacht und zerlegt, simultan und konfus, parallel oder ungeregelt dargestellt, zu einer Dichte zusammengesetzt, da\u00df es geradezu ausgeschlossen war, in einer beschr\u00e4nkten Zeit dies herauszufiltern, woraus es bestand.<br>\nDem anderen Mann wurde teilweise die Sicht versperrt.<br>\nEine oberfl\u00e4chliche Glattheit hinderte ihn, dies zur Kenntnis zu nehmen, was eigentlich geschah. \nEr wurde mit pseudo \u2013 spektakul\u00e4ren Bruchteilen dessen konfrontiert, was sich hinter der Schauseite ereignete. \nDie Augenblicke der Unruhe waren zu kurz, um seine Neugier zu stillen, gleichzeitig zu lang um es au\u00dfer acht zu lassen. \nH\u00e4tte er das Geschehen ohne Einschr\u00e4nkungen wahrnehmen k\u00f6nnen, m\u00fc\u00dfte er feststellen, dass es sich um ein banales Ereignis handelt.<br>\nEr gewann in sich einen Raum, eine Zeit zur\u00fcck.<br>\nDie erweiterte Wahrnehmungsm\u00f6glichkeit ist nun treibende Kraft seines Vorstellungsverm\u00f6gens und so entsteht aus einer unbedarften realen Episode, eine imposante- seinen tiefsten Sinn erreichende Sensation. \u2026 ]<br>\n<\/div>\n\n\n\n\n\n<div class=\"ms_H____abs_05____\">&nbsp;<\/div>\nDie Arbeit stellt einen fiktiven Situationsmodell dar.<br>\u2028Mehrere Video und Audiokomponenten sind in einer Informationsebene in Form einer Videoprojektion zusammengefasst.\n<div class=\"ms_H____abs_02____\">&nbsp;<\/div>\n<div class=\"txt_fl_italic\">\nUnscheinbare, sp\u00e4rlich mit Visierl\u00fccken best\u00fcckte graue Oberfl\u00e4chen offenbaren nur selten und f\u00fcr wenige Sekunden was sich in der &#8222;Tiefe&#8220; verbirgt. \n<\/div>\n<div class=\"ms_H____abs_02____\">&nbsp;<\/div>\nMit der Einbindung mehrerer Zufallskomponenten in die Programmierung der Arbeit ist ein Umstand geschaffen, in dem die g\u00e4nzliche Wiederholung der grafischen Darstellung w\u00e4hrend einer unbegrenzten Betriebsdauer des Programms ausgeschlossen ist.\n<div class=\"ms_H____abs_02____\">&nbsp;<\/div>\nDie Arbeit ist als eine Rauminstallation zu betrachten.<br> F\u00fcr eine endg\u00fcltige Ausstellungssituation sind vier Projektionen in einem separaten Raum vorgesehen.\u2028Der Betrachter wird von den Projektionsebenen und den dazugeh\u00f6rigen Sounds umschlossen.\n\n\n\n<div class=\"ms_H____100____px\">&nbsp;<\/div>\n<div class=\"txt_small_italic\">\nAufrichtigen Dank meiner Schwester f\u00fcr die Mitwirkung bei den Audioaufnahmen und allen Freunden die der eigent\u00fcmlichen Idee Verst\u00e4ndnis entgegengebracht haben.\n\n<div class=\"ms_H____120____px\">&nbsp;<\/div>\nBitte beachten:<br>\nDie Video-Mitschnitte der Projekte dokumentieren m\u00f6gliche Pr\u00e4sentation-Konstellationen und nicht die Ausf\u00fchrung der Echtzeit-Rendering Programme.\n<\/div>\n<div class=\"ms_H____160____px\">&nbsp;<\/div>\n<div class=\"txt_fl_small\">idee, realisation, programmierung &#8211; marek szenk<\/div>\n<\/div>\n<\/div>\n","protected":false},"excerpt":{"rendered":"<p>multi video sound channel real time rendering &#8211; IT system project [ room situation ] &nbsp; &nbsp; &nbsp; [ \u2026Dem Mann wurde ein Abbild eines tristen Ereignisses vorgetragen. Vervielfacht und zerlegt, simultan und konfus, parallel oder ungeregelt dargestellt, zu einer Dichte zusammengesetzt, da\u00df es geradezu ausgeschlossen war, in einer beschr\u00e4nkten Zeit dies herauszufiltern, woraus es &hellip; <\/p>\n<p class=\"link-more\"><a href=\"https:\/\/www.szenk.de\/sm__\/werk\/divers\/raum-2001\/fassade-2000\/\" class=\"more-link\"><span class=\"screen-reader-text\">\u201efassade 2000\u201c<\/span> weiterlesen<\/a><\/p>\n","protected":false},"author":1,"featured_media":0,"parent":594,"menu_order":0,"comment_status":"closed","ping_status":"closed","template":"","meta":{"footnotes":""},"class_list":["post-612","page","type-page","status-publish","hentry"],"_links":{"self":[{"href":"https:\/\/www.szenk.de\/sm__\/wp-json\/wp\/v2\/pages\/612","targetHints":{"allow":["GET"]}}],"collection":[{"href":"https:\/\/www.szenk.de\/sm__\/wp-json\/wp\/v2\/pages"}],"about":[{"href":"https:\/\/www.szenk.de\/sm__\/wp-json\/wp\/v2\/types\/page"}],"author":[{"embeddable":true,"href":"https:\/\/www.szenk.de\/sm__\/wp-json\/wp\/v2\/users\/1"}],"replies":[{"embeddable":true,"href":"https:\/\/www.szenk.de\/sm__\/wp-json\/wp\/v2\/comments?post=612"}],"version-history":[{"count":3,"href":"https:\/\/www.szenk.de\/sm__\/wp-json\/wp\/v2\/pages\/612\/revisions"}],"predecessor-version":[{"id":3078,"href":"https:\/\/www.szenk.de\/sm__\/wp-json\/wp\/v2\/pages\/612\/revisions\/3078"}],"up":[{"embeddable":true,"href":"https:\/\/www.szenk.de\/sm__\/wp-json\/wp\/v2\/pages\/594"}],"wp:attachment":[{"href":"https:\/\/www.szenk.de\/sm__\/wp-json\/wp\/v2\/media?parent=612"}],"curies":[{"name":"wp","href":"https:\/\/api.w.org\/{rel}","templated":true}]}}