{"id":653,"date":"2018-04-12T15:12:49","date_gmt":"2018-04-12T13:12:49","guid":{"rendered":"https:\/\/www.szenk.de\/sm__\/?page_id=653"},"modified":"2020-12-02T21:00:44","modified_gmt":"2020-12-02T20:00:44","slug":"dahm-noise-1999","status":"publish","type":"page","link":"https:\/\/www.szenk.de\/sm__\/werk\/archiv\/raum-1999\/dahm-noise-1999\/","title":{"rendered":"dahm noise 1999"},"content":{"rendered":"\n<link rel='stylesheet' id='ms_style_1'  href='https:\/\/www.szenk.de\/sm__\/wp-content\/plugins\/ms_plugIn_ext_DB_syn\/__ms_plugIn_ext_DB_syn_front_END\/res\/css\/wp_plugIn_ext_DB_syn__css.css' type='text\/css' media='all' \/>\n\n<div class=\"txt_seiten_titel_info\">multi video sound channel<br>\nreal time rendering &#8211; IT system project<p><\/p>\n<div class=\"txt_seiten_titel_info_italic\"><\/div>\n<div class=\"txt_seiten_titel_info_after\">[ room situation ]<\/div>\n<\/div>\n\n\n\n<div class=\"ms_video_wrap\">\n<div style=\"width: 525px;\" class=\"wp-video\"><!--[if lt IE 9]><script>document.createElement('video');<\/script><![endif]-->\n<video class=\"wp-video-shortcode\" id=\"video-653-1\" width=\"525\" height=\"295\" poster=\"https:\/\/www.szenk.de\/sm__\/wp-content\/uploads\/2018\/04\/marek_szenk_dahm_1999.jpg\" preload=\"metadata\" controls=\"controls\"><source type=\"video\/mp4\" src=\"https:\/\/www.szenk.de\/sm__\/wp-content\/uploads\/2018\/04\/marek_szenk_dahm_1999.m4v?_=1\" \/><a href=\"https:\/\/www.szenk.de\/sm__\/wp-content\/uploads\/2018\/04\/marek_szenk_dahm_1999.m4v\">https:\/\/www.szenk.de\/sm__\/wp-content\/uploads\/2018\/04\/marek_szenk_dahm_1999.m4v<\/a><\/video><\/div>\n<\/div>\n\n\n\n<div class=\"txt_fl_small\">&nbsp;<\/div>\n<div class=\"item-description-text\">\n<div class=\"fl_txt\">\n<div class=\"txt_fl_italic\">&nbsp;<\/div>\n<div class=\"ms_H____abs_05____\">&nbsp;<\/div>\n<p>Mehrere kleine Videosequenzen wurden aneinandergereiht.<br>\nDer Sound der, in der Regel kurzen und inhaltlich belanglosen, Sequenzen erzeugt eine laute akustische Dichte.<br>\nMit der Mausber\u00fchrung einzelner Sequenzen (Interaktion) \u00e4ndert man die Abspielgeschwindigkeit oder gar die Richtung des Abspielens (Revers) des Videomaterials.<br>\nDies wirkt sich modifizierend auf das Bild und die Akustik aus.<\/p>\n<\/div>\n<\/div>\n<div class=\"ms_H____120____px\">&nbsp;<\/div>\n<div class=\"item-description-text\">\n<div class=\"fl_txt\">\n<div class=\"txt_small_italic\">Bitte beachten:<br>\nDie Video-Mitschnitte der Projekte dokumentieren m\u00f6gliche Pr\u00e4sentation-Konstellationen und nicht die Ausf\u00fchrung der Echtzeit-Rendering Programme.<\/div>\n<div class=\"ms_H____160____px\">&nbsp;<\/div>\n<div class=\"txt_fl_small\">idee, realisation, programmierung &#8211; marek szenk<\/div>\n<\/div>\n<\/div>\n","protected":false},"excerpt":{"rendered":"<p>multi video sound channel real time rendering &#8211; IT system project [ room situation ] &nbsp; &nbsp; &nbsp; Mehrere kleine Videosequenzen wurden aneinandergereiht. Der Sound der, in der Regel kurzen und inhaltlich belanglosen, Sequenzen erzeugt eine laute akustische Dichte. Mit der Mausber\u00fchrung einzelner Sequenzen (Interaktion) \u00e4ndert man die Abspielgeschwindigkeit oder gar die Richtung des Abspielens &hellip; <\/p>\n<p class=\"link-more\"><a href=\"https:\/\/www.szenk.de\/sm__\/werk\/archiv\/raum-1999\/dahm-noise-1999\/\" class=\"more-link\"><span class=\"screen-reader-text\">\u201edahm noise 1999\u201c<\/span> weiterlesen<\/a><\/p>\n","protected":false},"author":1,"featured_media":0,"parent":502,"menu_order":0,"comment_status":"closed","ping_status":"closed","template":"","meta":{"footnotes":""},"class_list":["post-653","page","type-page","status-publish","hentry"],"_links":{"self":[{"href":"https:\/\/www.szenk.de\/sm__\/wp-json\/wp\/v2\/pages\/653","targetHints":{"allow":["GET"]}}],"collection":[{"href":"https:\/\/www.szenk.de\/sm__\/wp-json\/wp\/v2\/pages"}],"about":[{"href":"https:\/\/www.szenk.de\/sm__\/wp-json\/wp\/v2\/types\/page"}],"author":[{"embeddable":true,"href":"https:\/\/www.szenk.de\/sm__\/wp-json\/wp\/v2\/users\/1"}],"replies":[{"embeddable":true,"href":"https:\/\/www.szenk.de\/sm__\/wp-json\/wp\/v2\/comments?post=653"}],"version-history":[{"count":3,"href":"https:\/\/www.szenk.de\/sm__\/wp-json\/wp\/v2\/pages\/653\/revisions"}],"predecessor-version":[{"id":3074,"href":"https:\/\/www.szenk.de\/sm__\/wp-json\/wp\/v2\/pages\/653\/revisions\/3074"}],"up":[{"embeddable":true,"href":"https:\/\/www.szenk.de\/sm__\/wp-json\/wp\/v2\/pages\/502"}],"wp:attachment":[{"href":"https:\/\/www.szenk.de\/sm__\/wp-json\/wp\/v2\/media?parent=653"}],"curies":[{"name":"wp","href":"https:\/\/api.w.org\/{rel}","templated":true}]}}